{"id":64,"date":"2022-12-21T18:27:18","date_gmt":"2022-12-21T17:27:18","guid":{"rendered":"https:\/\/huisje.nieuwproject.be\/zakelijk\/"},"modified":"2025-05-24T11:40:09","modified_gmt":"2025-05-24T09:40:09","slug":"zakelijk","status":"publish","type":"page","link":"https:\/\/hethuisje.be\/fr\/zakelijk\/","title":{"rendered":"Professionnel"},"content":{"rendered":"<section class=\"bde-section-64-110 bde-section\">\n  \n  \n\t\n\n\n\n<div class=\"section-container\"><div class=\"bde-basicslider-64-111 bde-basicslider\">\n<div class=\"breakdance-swiper-wrapper\" data-swiper-id=\"111\">\n    <div class=\"swiper\">\n      <div class=\"swiper-wrapper\">\n      \n\t                    \n        <div class=\"swiper-slide\">\n          <div class=\"bde-basicslider__slide\" style=\"  background: #fcbc8f;\">\n              <div class=\"bde-basicslider__content\">\n                                                <\/div>\n\n\t\t\t\t\t\t          <img loading=\"lazy\" decoding=\"async\" class=\"breakdance-image-object bde-basicslider__image\" src=\"https:\/\/hethuisje.be\/wp-content\/uploads\/2025\/05\/carrousel-het-huisje-tongeren-003-1920.jpeg\" width=\"1920\" height=\"1440\" srcset=\"https:\/\/hethuisje.be\/wp-content\/uploads\/2025\/05\/carrousel-het-huisje-tongeren-003-1920.jpeg 1920w, https:\/\/hethuisje.be\/wp-content\/uploads\/2025\/05\/carrousel-het-huisje-tongeren-003-1920-300x225.jpeg 300w, https:\/\/hethuisje.be\/wp-content\/uploads\/2025\/05\/carrousel-het-huisje-tongeren-003-1920-1024x768.jpeg 1024w, https:\/\/hethuisje.be\/wp-content\/uploads\/2025\/05\/carrousel-het-huisje-tongeren-003-1920-768x576.jpeg 768w, https:\/\/hethuisje.be\/wp-content\/uploads\/2025\/05\/carrousel-het-huisje-tongeren-003-1920-1536x1152.jpeg 1536w, https:\/\/hethuisje.be\/wp-content\/uploads\/2025\/05\/carrousel-het-huisje-tongeren-003-1920-600x450.jpeg 600w\" sizes=\"auto, (max-width: 1920px) 100vw, 1920px\">\n\t\t\t\n          <\/div>\n        <\/div>\n       \n\t                    \n        <div class=\"swiper-slide\">\n          <div class=\"bde-basicslider__slide\" style=\"  background: #fcbc8f;\">\n              <div class=\"bde-basicslider__content\">\n                                                <\/div>\n\n\t\t\t\t\t\t          <img loading=\"lazy\" decoding=\"async\" class=\"breakdance-image-object bde-basicslider__image\" src=\"https:\/\/hethuisje.be\/wp-content\/uploads\/2025\/05\/carrousel-het-huisje-tongeren-004-1920.jpeg\" width=\"1920\" height=\"1440\" srcset=\"https:\/\/hethuisje.be\/wp-content\/uploads\/2025\/05\/carrousel-het-huisje-tongeren-004-1920.jpeg 1920w, https:\/\/hethuisje.be\/wp-content\/uploads\/2025\/05\/carrousel-het-huisje-tongeren-004-1920-300x225.jpeg 300w, https:\/\/hethuisje.be\/wp-content\/uploads\/2025\/05\/carrousel-het-huisje-tongeren-004-1920-1024x768.jpeg 1024w, https:\/\/hethuisje.be\/wp-content\/uploads\/2025\/05\/carrousel-het-huisje-tongeren-004-1920-768x576.jpeg 768w, https:\/\/hethuisje.be\/wp-content\/uploads\/2025\/05\/carrousel-het-huisje-tongeren-004-1920-1536x1152.jpeg 1536w, https:\/\/hethuisje.be\/wp-content\/uploads\/2025\/05\/carrousel-het-huisje-tongeren-004-1920-600x450.jpeg 600w\" sizes=\"auto, (max-width: 1920px) 100vw, 1920px\">\n\t\t\t\n          <\/div>\n        <\/div>\n       \n\t                    \n        <div class=\"swiper-slide\">\n          <div class=\"bde-basicslider__slide\">\n              <div class=\"bde-basicslider__content\">\n                                                <\/div>\n\n\t\t\t\t\t\t          <img loading=\"lazy\" decoding=\"async\" class=\"breakdance-image-object bde-basicslider__image\" src=\"https:\/\/hethuisje.be\/wp-content\/uploads\/2025\/05\/carrousel-het-huisje-tongeren-008-1920.jpeg\" width=\"1920\" height=\"1440\" srcset=\"https:\/\/hethuisje.be\/wp-content\/uploads\/2025\/05\/carrousel-het-huisje-tongeren-008-1920.jpeg 1920w, https:\/\/hethuisje.be\/wp-content\/uploads\/2025\/05\/carrousel-het-huisje-tongeren-008-1920-300x225.jpeg 300w, https:\/\/hethuisje.be\/wp-content\/uploads\/2025\/05\/carrousel-het-huisje-tongeren-008-1920-1024x768.jpeg 1024w, https:\/\/hethuisje.be\/wp-content\/uploads\/2025\/05\/carrousel-het-huisje-tongeren-008-1920-768x576.jpeg 768w, https:\/\/hethuisje.be\/wp-content\/uploads\/2025\/05\/carrousel-het-huisje-tongeren-008-1920-1536x1152.jpeg 1536w, https:\/\/hethuisje.be\/wp-content\/uploads\/2025\/05\/carrousel-het-huisje-tongeren-008-1920-600x450.jpeg 600w\" sizes=\"auto, (max-width: 1920px) 100vw, 1920px\">\n\t\t\t\n          <\/div>\n        <\/div>\n       \n\t                    \n        <div class=\"swiper-slide\">\n          <div class=\"bde-basicslider__slide\" style=\"  background: #c0faf9;\">\n              <div class=\"bde-basicslider__content\">\n                                                <\/div>\n\n\t\t\t\t\t\t          <img loading=\"lazy\" decoding=\"async\" class=\"breakdance-image-object bde-basicslider__image\" src=\"https:\/\/hethuisje.be\/wp-content\/uploads\/2025\/05\/carrousel-het-huisje-tongeren-007-1920.jpeg\" width=\"1920\" height=\"1440\" srcset=\"https:\/\/hethuisje.be\/wp-content\/uploads\/2025\/05\/carrousel-het-huisje-tongeren-007-1920.jpeg 1920w, https:\/\/hethuisje.be\/wp-content\/uploads\/2025\/05\/carrousel-het-huisje-tongeren-007-1920-300x225.jpeg 300w, https:\/\/hethuisje.be\/wp-content\/uploads\/2025\/05\/carrousel-het-huisje-tongeren-007-1920-1024x768.jpeg 1024w, https:\/\/hethuisje.be\/wp-content\/uploads\/2025\/05\/carrousel-het-huisje-tongeren-007-1920-768x576.jpeg 768w, https:\/\/hethuisje.be\/wp-content\/uploads\/2025\/05\/carrousel-het-huisje-tongeren-007-1920-1536x1152.jpeg 1536w, https:\/\/hethuisje.be\/wp-content\/uploads\/2025\/05\/carrousel-het-huisje-tongeren-007-1920-600x450.jpeg 600w\" sizes=\"auto, (max-width: 1920px) 100vw, 1920px\">\n\t\t\t\n          <\/div>\n        <\/div>\n       \n\t                    \n        <div class=\"swiper-slide\">\n          <div class=\"bde-basicslider__slide\" style=\"  background: #c0faf9;\">\n              <div class=\"bde-basicslider__content\">\n                                                <\/div>\n\n\t\t\t\t\t\t          <img loading=\"lazy\" decoding=\"async\" class=\"breakdance-image-object bde-basicslider__image\" src=\"https:\/\/hethuisje.be\/wp-content\/uploads\/2025\/05\/carrousel-het-huisje-tongeren-006-1920.jpeg\" width=\"1920\" height=\"1440\" srcset=\"https:\/\/hethuisje.be\/wp-content\/uploads\/2025\/05\/carrousel-het-huisje-tongeren-006-1920.jpeg 1920w, https:\/\/hethuisje.be\/wp-content\/uploads\/2025\/05\/carrousel-het-huisje-tongeren-006-1920-300x225.jpeg 300w, https:\/\/hethuisje.be\/wp-content\/uploads\/2025\/05\/carrousel-het-huisje-tongeren-006-1920-1024x768.jpeg 1024w, https:\/\/hethuisje.be\/wp-content\/uploads\/2025\/05\/carrousel-het-huisje-tongeren-006-1920-768x576.jpeg 768w, https:\/\/hethuisje.be\/wp-content\/uploads\/2025\/05\/carrousel-het-huisje-tongeren-006-1920-1536x1152.jpeg 1536w, https:\/\/hethuisje.be\/wp-content\/uploads\/2025\/05\/carrousel-het-huisje-tongeren-006-1920-600x450.jpeg 600w\" sizes=\"auto, (max-width: 1920px) 100vw, 1920px\">\n\t\t\t\n          <\/div>\n        <\/div>\n       \n\t                    \n        <div class=\"swiper-slide\">\n          <div class=\"bde-basicslider__slide\" style=\"  background: #c0faf9;\">\n              <div class=\"bde-basicslider__content\">\n                                                <\/div>\n\n\t\t\t\t\t\t          <img loading=\"lazy\" decoding=\"async\" class=\"breakdance-image-object bde-basicslider__image\" src=\"https:\/\/hethuisje.be\/wp-content\/uploads\/2025\/05\/carrousel-het-huisje-tongeren-005-1920.jpeg\" width=\"1920\" height=\"1440\" srcset=\"https:\/\/hethuisje.be\/wp-content\/uploads\/2025\/05\/carrousel-het-huisje-tongeren-005-1920.jpeg 1920w, https:\/\/hethuisje.be\/wp-content\/uploads\/2025\/05\/carrousel-het-huisje-tongeren-005-1920-300x225.jpeg 300w, https:\/\/hethuisje.be\/wp-content\/uploads\/2025\/05\/carrousel-het-huisje-tongeren-005-1920-1024x768.jpeg 1024w, https:\/\/hethuisje.be\/wp-content\/uploads\/2025\/05\/carrousel-het-huisje-tongeren-005-1920-768x576.jpeg 768w, https:\/\/hethuisje.be\/wp-content\/uploads\/2025\/05\/carrousel-het-huisje-tongeren-005-1920-1536x1152.jpeg 1536w, https:\/\/hethuisje.be\/wp-content\/uploads\/2025\/05\/carrousel-het-huisje-tongeren-005-1920-600x450.jpeg 600w\" sizes=\"auto, (max-width: 1920px) 100vw, 1920px\">\n\t\t\t\n          <\/div>\n        <\/div>\n       \n\t                    \n        <div class=\"swiper-slide\">\n          <div class=\"bde-basicslider__slide\" style=\"  background: #c0faf9;\">\n              <div class=\"bde-basicslider__content\">\n                                                <\/div>\n\n\t\t\t\t\t\t          <img loading=\"lazy\" decoding=\"async\" class=\"breakdance-image-object bde-basicslider__image\" src=\"https:\/\/hethuisje.be\/wp-content\/uploads\/2025\/05\/carrousel-het-huisje-tongeren-002-1920.jpeg\" width=\"1920\" height=\"1440\" srcset=\"https:\/\/hethuisje.be\/wp-content\/uploads\/2025\/05\/carrousel-het-huisje-tongeren-002-1920.jpeg 1920w, https:\/\/hethuisje.be\/wp-content\/uploads\/2025\/05\/carrousel-het-huisje-tongeren-002-1920-300x225.jpeg 300w, https:\/\/hethuisje.be\/wp-content\/uploads\/2025\/05\/carrousel-het-huisje-tongeren-002-1920-1024x768.jpeg 1024w, https:\/\/hethuisje.be\/wp-content\/uploads\/2025\/05\/carrousel-het-huisje-tongeren-002-1920-768x576.jpeg 768w, https:\/\/hethuisje.be\/wp-content\/uploads\/2025\/05\/carrousel-het-huisje-tongeren-002-1920-1536x1152.jpeg 1536w, https:\/\/hethuisje.be\/wp-content\/uploads\/2025\/05\/carrousel-het-huisje-tongeren-002-1920-600x450.jpeg 600w\" sizes=\"auto, (max-width: 1920px) 100vw, 1920px\">\n\t\t\t\n          <\/div>\n        <\/div>\n       \n\t                    \n        <div class=\"swiper-slide\">\n          <div class=\"bde-basicslider__slide\" style=\"  background: #c0faf9;\">\n              <div class=\"bde-basicslider__content\">\n                                                <\/div>\n\n\t\t\t\t\t\t          <img loading=\"lazy\" decoding=\"async\" class=\"breakdance-image-object bde-basicslider__image\" src=\"https:\/\/hethuisje.be\/wp-content\/uploads\/2025\/05\/carrousel-het-huisje-tongeren-001-1920.jpeg\" width=\"1920\" height=\"1440\" srcset=\"https:\/\/hethuisje.be\/wp-content\/uploads\/2025\/05\/carrousel-het-huisje-tongeren-001-1920.jpeg 1920w, https:\/\/hethuisje.be\/wp-content\/uploads\/2025\/05\/carrousel-het-huisje-tongeren-001-1920-300x225.jpeg 300w, https:\/\/hethuisje.be\/wp-content\/uploads\/2025\/05\/carrousel-het-huisje-tongeren-001-1920-1024x768.jpeg 1024w, https:\/\/hethuisje.be\/wp-content\/uploads\/2025\/05\/carrousel-het-huisje-tongeren-001-1920-768x576.jpeg 768w, https:\/\/hethuisje.be\/wp-content\/uploads\/2025\/05\/carrousel-het-huisje-tongeren-001-1920-1536x1152.jpeg 1536w, https:\/\/hethuisje.be\/wp-content\/uploads\/2025\/05\/carrousel-het-huisje-tongeren-001-1920-600x450.jpeg 600w\" sizes=\"auto, (max-width: 1920px) 100vw, 1920px\">\n\t\t\t\n          <\/div>\n        <\/div>\n       \n      <\/div>\n    <\/div>\n                <div class=\"swiper-button-prev\">\n            \n        <\/div>\n        <div class=\"swiper-button-next\">\n            \n        <\/div>\n    \n            <div class=\"swiper-pagination\"><\/div>\n    \n<\/div>\n\n<\/div><\/div>\n<\/section><section class=\"bde-section-64-102 bde-section\">\n  \n  \n\t\n\n\n\n<div class=\"section-container\"><div class=\"bde-div-64-103 bde-div\">\n  \n  \n\t\n\n\n\n<img decoding=\"async\" class=\"bde-image2-64-104 bde-image2\" src=\"https:\/\/hethuisje.be\/wp-content\/uploads\/2025\/05\/gevel-het-huisje-tongeren-002-1920-768x1024.jpeg\" loading=\"lazy\" srcset=\"https:\/\/hethuisje.be\/wp-content\/uploads\/2025\/05\/gevel-het-huisje-tongeren-002-1920.jpeg 1920w, https:\/\/hethuisje.be\/wp-content\/uploads\/2025\/05\/gevel-het-huisje-tongeren-002-1920-225x300.jpeg 225w, https:\/\/hethuisje.be\/wp-content\/uploads\/2025\/05\/gevel-het-huisje-tongeren-002-1920-768x1024.jpeg 768w, https:\/\/hethuisje.be\/wp-content\/uploads\/2025\/05\/gevel-het-huisje-tongeren-002-1920-1152x1536.jpeg 1152w, https:\/\/hethuisje.be\/wp-content\/uploads\/2025\/05\/gevel-het-huisje-tongeren-002-1920-1536x2048.jpeg 1536w, https:\/\/hethuisje.be\/wp-content\/uploads\/2025\/05\/gevel-het-huisje-tongeren-002-1920-600x800.jpeg 600w\" sizes=\"(max-width: 1920px) 100vw, 1920px\"><div class=\"bde-icon-64-105 bde-icon\">\n\n    \n                    \n            \n                           \n                        \n\n    \n    \n    \n                    \n    \n    <a class=\"breakdance-link bde-icon-icon breakdance-icon-atom\" href=\"#\" target=\"_self\" data-type=\"action\"  data-action='{\"type\":\"slider\",\"sliderOptions\":{\"elementId\":\"bde-basicslider-64-111\",\"actionType\":\"previous\"}}' >\n\n    \n                    <svg xmlns=\"http:\/\/www.w3.org\/2000\/svg\" viewbox=\"0 0 256 512\"><!-- Font Awesome Free 5.15.1 by @fontawesome - https:\/\/fontawesome.com License - https:\/\/fontawesome.com\/license\/free (Icons: CC BY 4.0, Fonts: SIL OFL 1.1, Code: MIT License) --><path d=\"M31.7 239l136-136c9.4-9.4 24.6-9.4 33.9 0l22.6 22.6c9.4 9.4 9.4 24.6 0 33.9L127.9 256l96.4 96.4c9.4 9.4 9.4 24.6 0 33.9L201.7 409c-9.4 9.4-24.6 9.4-33.9 0l-136-136c-9.5-9.4-9.5-24.6-.1-34z\"\/><\/svg>\n        \n        \n        \n                <\/a>\n\n    \n\n\n<\/div><div class=\"bde-icon-64-106 bde-icon\">\n\n    \n                    \n            \n                           \n                        \n\n    \n    \n    \n                    \n    \n    <a class=\"breakdance-link bde-icon-icon breakdance-icon-atom\" href=\"#\" target=\"_self\" data-type=\"action\"  data-action='{\"type\":\"slider\",\"sliderOptions\":{\"elementId\":\"bde-basicslider-64-111\",\"actionType\":\"next\"}}' >\n\n    \n                    <svg xmlns=\"http:\/\/www.w3.org\/2000\/svg\" viewbox=\"0 0 256 512\"><!-- Font Awesome Free 5.15.1 by @fontawesome - https:\/\/fontawesome.com License - https:\/\/fontawesome.com\/license\/free (Icons: CC BY 4.0, Fonts: SIL OFL 1.1, Code: MIT License) --><path d=\"M224.3 273l-136 136c-9.4 9.4-24.6 9.4-33.9 0l-22.6-22.6c-9.4-9.4-9.4-24.6 0-33.9l96.4-96.4-96.4-96.4c-9.4-9.4-9.4-24.6 0-33.9L54.3 103c9.4-9.4 24.6-9.4 33.9 0l136 136c9.5 9.4 9.5 24.6.1 34z\"\/><\/svg>\n        \n        \n        \n                <\/a>\n\n    \n\n\n<\/div><div class=\"bde-div-64-107 bde-div\">\n  \n  \n\t\n\n\n\n<div class=\"bde-div-64-114 bde-div\">\n  \n  \n\t\n\n\n\n<h1 class=\"bde-heading-64-108 bde-heading\">\nProfessionnel\n<\/h1>\n<\/div><div class=\"bde-div-64-115 bde-div\">\n  \n  \n\t\n\n\n\n<div class=\"bde-text-64-113 bde-text font-body-bold\">\nHet Huisje comme solution pour la location professionelle.\n<\/div><div class=\"bde-rich-text-64-109 bde-rich-text breakdance-rich-text-styles\">\n<p>Notre maison enti\u00e8rement meubl\u00e9e est id\u00e9ale pour la location professionnelle.<\/p><p>Avec un mobilier confortable, une connexion Wi-Fi rapide et un environnement de travail calme, la maison offre tout ce dont vos employ\u00e9s ou coll\u00e8gues ont besoin pour un s\u00e9jour agr\u00e9able et productif. Id\u00e9alement situ\u00e9 et facilement accessible - la solution pour les projets temporaires, les expatri\u00e9s ou les s\u00e9jours d\u2019affaires.<\/p><p>Contactez-nous pour plus d\u2019informations ou un devis personnalis\u00e9 : <a href=\"tel:{{contact_phone_numbers}}\">{{contact_phone}}<\/a> - <a href=\"mailto:{{contact_email}}\">{{contact_email}}<\/a><\/p>\n<\/div>\n<\/div>\n<\/div>\n<\/div><\/div>\n<\/section>","protected":false},"excerpt":{"rendered":"<p>Verhuur voor zakenmensen Het Huisje als representatieve woning voor zakelijke verhuur Onze volledig gemeubileerde woning is uitermate geschikt voor zakelijke verhuur.Met een comfortabele inrichting, snelle WiFi en een rustige werkomgeving biedt de woning alles wat uw medewerkers of zakenrelaties nodig hebben voor een aangenaam en productief verblijf. Centraal gelegen en goed bereikbaar &#8211; ideaal voor [&hellip;]<\/p>","protected":false},"author":2,"featured_media":0,"parent":0,"menu_order":5,"comment_status":"closed","ping_status":"closed","template":"","meta":{"_acf_changed":false,"_breakdance_hide_in_design_set":false,"_breakdance_tags":"","footnotes":""},"class_list":["post-64","page","type-page","status-publish","hentry"],"acf":[],"_links":{"self":[{"href":"https:\/\/hethuisje.be\/fr\/wp-json\/wp\/v2\/pages\/64","targetHints":{"allow":["GET"]}}],"collection":[{"href":"https:\/\/hethuisje.be\/fr\/wp-json\/wp\/v2\/pages"}],"about":[{"href":"https:\/\/hethuisje.be\/fr\/wp-json\/wp\/v2\/types\/page"}],"author":[{"embeddable":true,"href":"https:\/\/hethuisje.be\/fr\/wp-json\/wp\/v2\/users\/2"}],"replies":[{"embeddable":true,"href":"https:\/\/hethuisje.be\/fr\/wp-json\/wp\/v2\/comments?post=64"}],"version-history":[{"count":8,"href":"https:\/\/hethuisje.be\/fr\/wp-json\/wp\/v2\/pages\/64\/revisions"}],"predecessor-version":[{"id":542,"href":"https:\/\/hethuisje.be\/fr\/wp-json\/wp\/v2\/pages\/64\/revisions\/542"}],"wp:attachment":[{"href":"https:\/\/hethuisje.be\/fr\/wp-json\/wp\/v2\/media?parent=64"}],"curies":[{"name":"wp","href":"https:\/\/api.w.org\/{rel}","templated":true}]}}