{"id":63,"date":"2022-12-21T18:27:18","date_gmt":"2022-12-21T17:27:18","guid":{"rendered":"https:\/\/huisje.nieuwproject.be\/voorstelling\/"},"modified":"2025-11-12T17:33:03","modified_gmt":"2025-11-12T16:33:03","slug":"praktisch","status":"publish","type":"page","link":"https:\/\/hethuisje.be\/fr\/praktisch\/","title":{"rendered":"Pratique"},"content":{"rendered":"<section class=\"bde-section-63-100 bde-section\">\n  \n  \n\t\n\n\n\n<div class=\"section-container\"><div class=\"bde-basicslider-63-101 bde-basicslider\">\n<div class=\"breakdance-swiper-wrapper\" data-swiper-id=\"101\">\n    <div class=\"swiper\">\n      <div class=\"swiper-wrapper\">\n      \n\t                    \n        <div class=\"swiper-slide\">\n          <div class=\"bde-basicslider__slide\" style=\"  background: #fcbc8f;\">\n              <div class=\"bde-basicslider__content\">\n                                                <\/div>\n\n\t\t\t\t\t\t          <img loading=\"lazy\" decoding=\"async\" class=\"breakdance-image-object bde-basicslider__image\" src=\"https:\/\/hethuisje.be\/wp-content\/uploads\/2025\/05\/carrousel-het-huisje-tongeren-003-1920.jpeg\" width=\"1920\" height=\"1440\" srcset=\"https:\/\/hethuisje.be\/wp-content\/uploads\/2025\/05\/carrousel-het-huisje-tongeren-003-1920.jpeg 1920w, https:\/\/hethuisje.be\/wp-content\/uploads\/2025\/05\/carrousel-het-huisje-tongeren-003-1920-300x225.jpeg 300w, https:\/\/hethuisje.be\/wp-content\/uploads\/2025\/05\/carrousel-het-huisje-tongeren-003-1920-1024x768.jpeg 1024w, https:\/\/hethuisje.be\/wp-content\/uploads\/2025\/05\/carrousel-het-huisje-tongeren-003-1920-768x576.jpeg 768w, https:\/\/hethuisje.be\/wp-content\/uploads\/2025\/05\/carrousel-het-huisje-tongeren-003-1920-1536x1152.jpeg 1536w, https:\/\/hethuisje.be\/wp-content\/uploads\/2025\/05\/carrousel-het-huisje-tongeren-003-1920-600x450.jpeg 600w\" sizes=\"auto, (max-width: 1920px) 100vw, 1920px\">\n\t\t\t\n          <\/div>\n        <\/div>\n       \n\t                    \n        <div class=\"swiper-slide\">\n          <div class=\"bde-basicslider__slide\" style=\"  background: #fcbc8f;\">\n              <div class=\"bde-basicslider__content\">\n                                                <\/div>\n\n\t\t\t\t\t\t          <img loading=\"lazy\" decoding=\"async\" class=\"breakdance-image-object bde-basicslider__image\" src=\"https:\/\/hethuisje.be\/wp-content\/uploads\/2025\/05\/carrousel-het-huisje-tongeren-004-1920.jpeg\" width=\"1920\" height=\"1440\" srcset=\"https:\/\/hethuisje.be\/wp-content\/uploads\/2025\/05\/carrousel-het-huisje-tongeren-004-1920.jpeg 1920w, https:\/\/hethuisje.be\/wp-content\/uploads\/2025\/05\/carrousel-het-huisje-tongeren-004-1920-300x225.jpeg 300w, https:\/\/hethuisje.be\/wp-content\/uploads\/2025\/05\/carrousel-het-huisje-tongeren-004-1920-1024x768.jpeg 1024w, https:\/\/hethuisje.be\/wp-content\/uploads\/2025\/05\/carrousel-het-huisje-tongeren-004-1920-768x576.jpeg 768w, https:\/\/hethuisje.be\/wp-content\/uploads\/2025\/05\/carrousel-het-huisje-tongeren-004-1920-1536x1152.jpeg 1536w, https:\/\/hethuisje.be\/wp-content\/uploads\/2025\/05\/carrousel-het-huisje-tongeren-004-1920-600x450.jpeg 600w\" sizes=\"auto, (max-width: 1920px) 100vw, 1920px\">\n\t\t\t\n          <\/div>\n        <\/div>\n       \n\t                    \n        <div class=\"swiper-slide\">\n          <div class=\"bde-basicslider__slide\">\n              <div class=\"bde-basicslider__content\">\n                                                <\/div>\n\n\t\t\t\t\t\t          <img loading=\"lazy\" decoding=\"async\" class=\"breakdance-image-object bde-basicslider__image\" src=\"https:\/\/hethuisje.be\/wp-content\/uploads\/2025\/05\/carrousel-het-huisje-tongeren-008-1920.jpeg\" width=\"1920\" height=\"1440\" srcset=\"https:\/\/hethuisje.be\/wp-content\/uploads\/2025\/05\/carrousel-het-huisje-tongeren-008-1920.jpeg 1920w, https:\/\/hethuisje.be\/wp-content\/uploads\/2025\/05\/carrousel-het-huisje-tongeren-008-1920-300x225.jpeg 300w, https:\/\/hethuisje.be\/wp-content\/uploads\/2025\/05\/carrousel-het-huisje-tongeren-008-1920-1024x768.jpeg 1024w, https:\/\/hethuisje.be\/wp-content\/uploads\/2025\/05\/carrousel-het-huisje-tongeren-008-1920-768x576.jpeg 768w, https:\/\/hethuisje.be\/wp-content\/uploads\/2025\/05\/carrousel-het-huisje-tongeren-008-1920-1536x1152.jpeg 1536w, https:\/\/hethuisje.be\/wp-content\/uploads\/2025\/05\/carrousel-het-huisje-tongeren-008-1920-600x450.jpeg 600w\" sizes=\"auto, (max-width: 1920px) 100vw, 1920px\">\n\t\t\t\n          <\/div>\n        <\/div>\n       \n\t                    \n        <div class=\"swiper-slide\">\n          <div class=\"bde-basicslider__slide\" style=\"  background: #c0faf9;\">\n              <div class=\"bde-basicslider__content\">\n                                                <\/div>\n\n\t\t\t\t\t\t          <img loading=\"lazy\" decoding=\"async\" class=\"breakdance-image-object bde-basicslider__image\" src=\"https:\/\/hethuisje.be\/wp-content\/uploads\/2025\/05\/carrousel-het-huisje-tongeren-007-1920.jpeg\" width=\"1920\" height=\"1440\" srcset=\"https:\/\/hethuisje.be\/wp-content\/uploads\/2025\/05\/carrousel-het-huisje-tongeren-007-1920.jpeg 1920w, https:\/\/hethuisje.be\/wp-content\/uploads\/2025\/05\/carrousel-het-huisje-tongeren-007-1920-300x225.jpeg 300w, https:\/\/hethuisje.be\/wp-content\/uploads\/2025\/05\/carrousel-het-huisje-tongeren-007-1920-1024x768.jpeg 1024w, https:\/\/hethuisje.be\/wp-content\/uploads\/2025\/05\/carrousel-het-huisje-tongeren-007-1920-768x576.jpeg 768w, https:\/\/hethuisje.be\/wp-content\/uploads\/2025\/05\/carrousel-het-huisje-tongeren-007-1920-1536x1152.jpeg 1536w, https:\/\/hethuisje.be\/wp-content\/uploads\/2025\/05\/carrousel-het-huisje-tongeren-007-1920-600x450.jpeg 600w\" sizes=\"auto, (max-width: 1920px) 100vw, 1920px\">\n\t\t\t\n          <\/div>\n        <\/div>\n       \n\t                    \n        <div class=\"swiper-slide\">\n          <div class=\"bde-basicslider__slide\" style=\"  background: #c0faf9;\">\n              <div class=\"bde-basicslider__content\">\n                                                <\/div>\n\n\t\t\t\t\t\t          <img loading=\"lazy\" decoding=\"async\" class=\"breakdance-image-object bde-basicslider__image\" src=\"https:\/\/hethuisje.be\/wp-content\/uploads\/2025\/05\/carrousel-het-huisje-tongeren-006-1920.jpeg\" width=\"1920\" height=\"1440\" srcset=\"https:\/\/hethuisje.be\/wp-content\/uploads\/2025\/05\/carrousel-het-huisje-tongeren-006-1920.jpeg 1920w, https:\/\/hethuisje.be\/wp-content\/uploads\/2025\/05\/carrousel-het-huisje-tongeren-006-1920-300x225.jpeg 300w, https:\/\/hethuisje.be\/wp-content\/uploads\/2025\/05\/carrousel-het-huisje-tongeren-006-1920-1024x768.jpeg 1024w, https:\/\/hethuisje.be\/wp-content\/uploads\/2025\/05\/carrousel-het-huisje-tongeren-006-1920-768x576.jpeg 768w, https:\/\/hethuisje.be\/wp-content\/uploads\/2025\/05\/carrousel-het-huisje-tongeren-006-1920-1536x1152.jpeg 1536w, https:\/\/hethuisje.be\/wp-content\/uploads\/2025\/05\/carrousel-het-huisje-tongeren-006-1920-600x450.jpeg 600w\" sizes=\"auto, (max-width: 1920px) 100vw, 1920px\">\n\t\t\t\n          <\/div>\n        <\/div>\n       \n\t                    \n        <div class=\"swiper-slide\">\n          <div class=\"bde-basicslider__slide\" style=\"  background: #c0faf9;\">\n              <div class=\"bde-basicslider__content\">\n                                                <\/div>\n\n\t\t\t\t\t\t          <img loading=\"lazy\" decoding=\"async\" class=\"breakdance-image-object bde-basicslider__image\" src=\"https:\/\/hethuisje.be\/wp-content\/uploads\/2025\/05\/carrousel-het-huisje-tongeren-005-1920.jpeg\" width=\"1920\" height=\"1440\" srcset=\"https:\/\/hethuisje.be\/wp-content\/uploads\/2025\/05\/carrousel-het-huisje-tongeren-005-1920.jpeg 1920w, https:\/\/hethuisje.be\/wp-content\/uploads\/2025\/05\/carrousel-het-huisje-tongeren-005-1920-300x225.jpeg 300w, https:\/\/hethuisje.be\/wp-content\/uploads\/2025\/05\/carrousel-het-huisje-tongeren-005-1920-1024x768.jpeg 1024w, https:\/\/hethuisje.be\/wp-content\/uploads\/2025\/05\/carrousel-het-huisje-tongeren-005-1920-768x576.jpeg 768w, https:\/\/hethuisje.be\/wp-content\/uploads\/2025\/05\/carrousel-het-huisje-tongeren-005-1920-1536x1152.jpeg 1536w, https:\/\/hethuisje.be\/wp-content\/uploads\/2025\/05\/carrousel-het-huisje-tongeren-005-1920-600x450.jpeg 600w\" sizes=\"auto, (max-width: 1920px) 100vw, 1920px\">\n\t\t\t\n          <\/div>\n        <\/div>\n       \n\t                    \n        <div class=\"swiper-slide\">\n          <div class=\"bde-basicslider__slide\" style=\"  background: #c0faf9;\">\n              <div class=\"bde-basicslider__content\">\n                                                <\/div>\n\n\t\t\t\t\t\t          <img loading=\"lazy\" decoding=\"async\" class=\"breakdance-image-object bde-basicslider__image\" src=\"https:\/\/hethuisje.be\/wp-content\/uploads\/2025\/05\/carrousel-het-huisje-tongeren-002-1920.jpeg\" width=\"1920\" height=\"1440\" srcset=\"https:\/\/hethuisje.be\/wp-content\/uploads\/2025\/05\/carrousel-het-huisje-tongeren-002-1920.jpeg 1920w, https:\/\/hethuisje.be\/wp-content\/uploads\/2025\/05\/carrousel-het-huisje-tongeren-002-1920-300x225.jpeg 300w, https:\/\/hethuisje.be\/wp-content\/uploads\/2025\/05\/carrousel-het-huisje-tongeren-002-1920-1024x768.jpeg 1024w, https:\/\/hethuisje.be\/wp-content\/uploads\/2025\/05\/carrousel-het-huisje-tongeren-002-1920-768x576.jpeg 768w, https:\/\/hethuisje.be\/wp-content\/uploads\/2025\/05\/carrousel-het-huisje-tongeren-002-1920-1536x1152.jpeg 1536w, https:\/\/hethuisje.be\/wp-content\/uploads\/2025\/05\/carrousel-het-huisje-tongeren-002-1920-600x450.jpeg 600w\" sizes=\"auto, (max-width: 1920px) 100vw, 1920px\">\n\t\t\t\n          <\/div>\n        <\/div>\n       \n\t                    \n        <div class=\"swiper-slide\">\n          <div class=\"bde-basicslider__slide\" style=\"  background: #c0faf9;\">\n              <div class=\"bde-basicslider__content\">\n                                                <\/div>\n\n\t\t\t\t\t\t          <img loading=\"lazy\" decoding=\"async\" class=\"breakdance-image-object bde-basicslider__image\" src=\"https:\/\/hethuisje.be\/wp-content\/uploads\/2025\/05\/carrousel-het-huisje-tongeren-001-1920.jpeg\" width=\"1920\" height=\"1440\" srcset=\"https:\/\/hethuisje.be\/wp-content\/uploads\/2025\/05\/carrousel-het-huisje-tongeren-001-1920.jpeg 1920w, https:\/\/hethuisje.be\/wp-content\/uploads\/2025\/05\/carrousel-het-huisje-tongeren-001-1920-300x225.jpeg 300w, https:\/\/hethuisje.be\/wp-content\/uploads\/2025\/05\/carrousel-het-huisje-tongeren-001-1920-1024x768.jpeg 1024w, https:\/\/hethuisje.be\/wp-content\/uploads\/2025\/05\/carrousel-het-huisje-tongeren-001-1920-768x576.jpeg 768w, https:\/\/hethuisje.be\/wp-content\/uploads\/2025\/05\/carrousel-het-huisje-tongeren-001-1920-1536x1152.jpeg 1536w, https:\/\/hethuisje.be\/wp-content\/uploads\/2025\/05\/carrousel-het-huisje-tongeren-001-1920-600x450.jpeg 600w\" sizes=\"auto, (max-width: 1920px) 100vw, 1920px\">\n\t\t\t\n          <\/div>\n        <\/div>\n       \n      <\/div>\n    <\/div>\n                <div class=\"swiper-button-prev\">\n            \n        <\/div>\n        <div class=\"swiper-button-next\">\n            \n        <\/div>\n    \n            <div class=\"swiper-pagination\"><\/div>\n    \n<\/div>\n\n<\/div><\/div>\n<\/section><section class=\"bde-section-63-102 bde-section\">\n  \n  \n\t\n\n\n\n<div class=\"section-container\"><div class=\"bde-div-63-103 bde-div\">\n  \n  \n\t\n\n\n\n<img decoding=\"async\" class=\"bde-image2-63-112 bde-image2\" src=\"https:\/\/hethuisje.be\/wp-content\/uploads\/2025\/09\/decoratie-het-huisje-tongeren-1920-768x1076.jpg\" loading=\"lazy\" srcset=\"https:\/\/hethuisje.be\/wp-content\/uploads\/2025\/09\/decoratie-het-huisje-tongeren-1920-scaled.jpg 1827w, https:\/\/hethuisje.be\/wp-content\/uploads\/2025\/09\/decoratie-het-huisje-tongeren-1920-214x300.jpg 214w, https:\/\/hethuisje.be\/wp-content\/uploads\/2025\/09\/decoratie-het-huisje-tongeren-1920-731x1024.jpg 731w, https:\/\/hethuisje.be\/wp-content\/uploads\/2025\/09\/decoratie-het-huisje-tongeren-1920-768x1076.jpg 768w, https:\/\/hethuisje.be\/wp-content\/uploads\/2025\/09\/decoratie-het-huisje-tongeren-1920-1096x1536.jpg 1096w, https:\/\/hethuisje.be\/wp-content\/uploads\/2025\/09\/decoratie-het-huisje-tongeren-1920-1462x2048.jpg 1462w, https:\/\/hethuisje.be\/wp-content\/uploads\/2025\/09\/decoratie-het-huisje-tongeren-1920-9x12.jpg 9w\" sizes=\"(max-width: 1827px) 100vw, 1827px\"><div class=\"bde-icon-63-105 bde-icon\">\n\n    \n                    \n            \n                           \n                        \n\n    \n    \n    \n                    \n    \n    <a class=\"breakdance-link bde-icon-icon breakdance-icon-atom\" href=\"#\" target=\"_self\" data-type=\"action\"  data-action='{\"type\":\"slider\",\"sliderOptions\":{\"elementId\":\"bde-basicslider-63-101\",\"actionType\":\"previous\"}}' >\n\n    \n                    <svg xmlns=\"http:\/\/www.w3.org\/2000\/svg\" viewbox=\"0 0 256 512\"><!-- Font Awesome Free 5.15.1 by @fontawesome - https:\/\/fontawesome.com License - https:\/\/fontawesome.com\/license\/free (Icons: CC BY 4.0, Fonts: SIL OFL 1.1, Code: MIT License) --><path d=\"M31.7 239l136-136c9.4-9.4 24.6-9.4 33.9 0l22.6 22.6c9.4 9.4 9.4 24.6 0 33.9L127.9 256l96.4 96.4c9.4 9.4 9.4 24.6 0 33.9L201.7 409c-9.4 9.4-24.6 9.4-33.9 0l-136-136c-9.5-9.4-9.5-24.6-.1-34z\"\/><\/svg>\n        \n        \n        \n                <\/a>\n\n    \n\n\n<\/div><div class=\"bde-icon-63-106 bde-icon\">\n\n    \n                    \n            \n                           \n                        \n\n    \n    \n    \n                    \n    \n    <a class=\"breakdance-link bde-icon-icon breakdance-icon-atom\" href=\"#\" target=\"_self\" data-type=\"action\"  data-action='{\"type\":\"slider\",\"sliderOptions\":{\"elementId\":\"bde-basicslider-63-101\",\"actionType\":\"next\"}}' >\n\n    \n                    <svg xmlns=\"http:\/\/www.w3.org\/2000\/svg\" viewbox=\"0 0 256 512\"><!-- Font Awesome Free 5.15.1 by @fontawesome - https:\/\/fontawesome.com License - https:\/\/fontawesome.com\/license\/free (Icons: CC BY 4.0, Fonts: SIL OFL 1.1, Code: MIT License) --><path d=\"M224.3 273l-136 136c-9.4 9.4-24.6 9.4-33.9 0l-22.6-22.6c-9.4-9.4-9.4-24.6 0-33.9l96.4-96.4-96.4-96.4c-9.4-9.4-9.4-24.6 0-33.9L54.3 103c9.4-9.4 24.6-9.4 33.9 0l136 136c9.5 9.4 9.5 24.6.1 34z\"\/><\/svg>\n        \n        \n        \n                <\/a>\n\n    \n\n\n<\/div><div class=\"bde-div-63-107 bde-div\">\n  \n  \n\t\n\n\n\n<h1 class=\"bde-heading-63-108 bde-heading\">\nPratique en bref\n<\/h1><div class=\"bde-rich-text-63-110 bde-rich-text rich-text breakdance-rich-text-styles\">\n<h2>Prijzen<\/h2><p>Prijs per nacht voor 2 personen is \u20ac 230.<br \/>Prijs per nacht voor 4 personen is \u20ac 250.<\/p><h2>Duur verblijf<\/h2><p>Je kunt ons boeken vanaf een verblijf van 2 nachten.<\/p><h2>Quand et comment organiser votre s\u00e9jour?<\/h2><p>Le g\u00eete est disponible \u00e0 partir de 16h.<br \/>Veuillez nous contacter au moins 3 jours \u00e0 l\u2019avance pour convenir de l\u2019heure d\u2019arriv\u00e9e :<\/p><p><a href=\"tel:0032497450609\">+32 497 45 06 09<\/a> - <a href=\"mailto:info@hethuisje.be\">info@hethuisje.be<\/a><\/p><p>\u00c0 votre arriv\u00e9e, nous serons l\u00e0 pour vous accueillir et vous faire visiter les lieux. Nous vous fournirons ensuite un CODE pour acc\u00e9der \u00e0 la maison pendant votre s\u00e9jour.<\/p><h2>D\u00e9part<\/h2><p>Le d\u00e9part doit se faire avant 10h00.<\/p><h2>Qu\u2019est-ce qui est inclus dans le prix ?<\/h2><p>Les prix incluent les frais de m\u00e9nage et frais de fonctionnement (\u00e9lectricit\u00e9, wifi, chauffage central et eau).<br \/>De waarborg bedraagt \u20ac 300, te storten een week voor aankomst en wordt binnen de week na verblijf (zonder schade) terugbetaald.<\/p><h2>Parkeerplaats?<\/h2><p>Le parking est pr\u00e9vu dans le Q park, situ\u00e9 en face de Het Huisje.<\/p><h2>Les d\u00e9chets doivent-ils \u00eatre tri\u00e9s ?<\/h2><p>Les d\u00e9chets organiques et r\u00e9siduels peuvent \u00eatre d\u00e9pos\u00e9s gratuitement dans les poubelles appropri\u00e9es.<\/p><h2><strong>Conditions g\u00e9n\u00e9rales<\/strong><\/h2><p><a href=\"\/fr\/algemene-voorwaarden\/\">Cliquez-ici<\/a> pour nos conditions g\u00e9n\u00e9rales<\/p><p>\u00a0<\/p>\n<\/div>\n<\/div>\n<\/div><\/div>\n<\/section>","protected":false},"excerpt":{"rendered":"<p>Praktisch in het kort PrijzenPrijs per nacht voor 2 personen is \u20ac 230.Prijs per nacht voor 4 personen is \u20ac 250.Duur verblijfJe kunt ons boeken vanaf een verblijf van 2 nachten.Hoe en wanneer kunnen we inchecken?Het Huisje is beschikbaar vanaf 16 uur.Gelieve uiterlijk 3 dagen op voorhand contact op te nemen om het aankomstuur af [&hellip;]<\/p>","protected":false},"author":2,"featured_media":0,"parent":0,"menu_order":4,"comment_status":"closed","ping_status":"closed","template":"","meta":{"_acf_changed":false,"_breakdance_hide_in_design_set":false,"_breakdance_tags":"","footnotes":""},"class_list":["post-63","page","type-page","status-publish","hentry"],"acf":[],"_links":{"self":[{"href":"https:\/\/hethuisje.be\/fr\/wp-json\/wp\/v2\/pages\/63","targetHints":{"allow":["GET"]}}],"collection":[{"href":"https:\/\/hethuisje.be\/fr\/wp-json\/wp\/v2\/pages"}],"about":[{"href":"https:\/\/hethuisje.be\/fr\/wp-json\/wp\/v2\/types\/page"}],"author":[{"embeddable":true,"href":"https:\/\/hethuisje.be\/fr\/wp-json\/wp\/v2\/users\/2"}],"replies":[{"embeddable":true,"href":"https:\/\/hethuisje.be\/fr\/wp-json\/wp\/v2\/comments?post=63"}],"version-history":[{"count":25,"href":"https:\/\/hethuisje.be\/fr\/wp-json\/wp\/v2\/pages\/63\/revisions"}],"predecessor-version":[{"id":628,"href":"https:\/\/hethuisje.be\/fr\/wp-json\/wp\/v2\/pages\/63\/revisions\/628"}],"wp:attachment":[{"href":"https:\/\/hethuisje.be\/fr\/wp-json\/wp\/v2\/media?parent=63"}],"curies":[{"name":"wp","href":"https:\/\/api.w.org\/{rel}","templated":true}]}}