{"id":61,"date":"2022-12-21T18:27:18","date_gmt":"2022-12-21T17:27:18","guid":{"rendered":"https:\/\/huisje.nieuwproject.be\/contact\/"},"modified":"2025-09-10T22:12:24","modified_gmt":"2025-09-10T20:12:24","slug":"contact","status":"publish","type":"page","link":"https:\/\/hethuisje.be\/fr\/contact\/","title":{"rendered":"Contact"},"content":{"rendered":"<section class=\"bde-section-61-100 bde-section\">\n  \n  \n\t\n\n\n\n<div class=\"section-container\"><div class=\"bde-basicslider-61-101 bde-basicslider\">\n<div class=\"breakdance-swiper-wrapper\" data-swiper-id=\"101\">\n    <div class=\"swiper\">\n      <div class=\"swiper-wrapper\">\n      \n\t                    \n        <div class=\"swiper-slide\">\n          <div class=\"bde-basicslider__slide\" style=\"  background: #fcbc8f;\">\n              <div class=\"bde-basicslider__content\">\n                                                <\/div>\n\n\t\t\t\t\t\t          <img loading=\"lazy\" decoding=\"async\" class=\"breakdance-image-object bde-basicslider__image\" src=\"https:\/\/hethuisje.be\/wp-content\/uploads\/2025\/05\/carrousel-het-huisje-tongeren-003-1920.jpeg\" width=\"1920\" height=\"1440\" srcset=\"https:\/\/hethuisje.be\/wp-content\/uploads\/2025\/05\/carrousel-het-huisje-tongeren-003-1920.jpeg 1920w, https:\/\/hethuisje.be\/wp-content\/uploads\/2025\/05\/carrousel-het-huisje-tongeren-003-1920-300x225.jpeg 300w, https:\/\/hethuisje.be\/wp-content\/uploads\/2025\/05\/carrousel-het-huisje-tongeren-003-1920-1024x768.jpeg 1024w, https:\/\/hethuisje.be\/wp-content\/uploads\/2025\/05\/carrousel-het-huisje-tongeren-003-1920-768x576.jpeg 768w, https:\/\/hethuisje.be\/wp-content\/uploads\/2025\/05\/carrousel-het-huisje-tongeren-003-1920-1536x1152.jpeg 1536w, https:\/\/hethuisje.be\/wp-content\/uploads\/2025\/05\/carrousel-het-huisje-tongeren-003-1920-600x450.jpeg 600w\" sizes=\"auto, (max-width: 1920px) 100vw, 1920px\">\n\t\t\t\n          <\/div>\n        <\/div>\n       \n\t                    \n        <div class=\"swiper-slide\">\n          <div class=\"bde-basicslider__slide\" style=\"  background: #fcbc8f;\">\n              <div class=\"bde-basicslider__content\">\n                                                <\/div>\n\n\t\t\t\t\t\t          <img loading=\"lazy\" decoding=\"async\" class=\"breakdance-image-object bde-basicslider__image\" src=\"https:\/\/hethuisje.be\/wp-content\/uploads\/2025\/05\/carrousel-het-huisje-tongeren-004-1920.jpeg\" width=\"1920\" height=\"1440\" srcset=\"https:\/\/hethuisje.be\/wp-content\/uploads\/2025\/05\/carrousel-het-huisje-tongeren-004-1920.jpeg 1920w, https:\/\/hethuisje.be\/wp-content\/uploads\/2025\/05\/carrousel-het-huisje-tongeren-004-1920-300x225.jpeg 300w, https:\/\/hethuisje.be\/wp-content\/uploads\/2025\/05\/carrousel-het-huisje-tongeren-004-1920-1024x768.jpeg 1024w, https:\/\/hethuisje.be\/wp-content\/uploads\/2025\/05\/carrousel-het-huisje-tongeren-004-1920-768x576.jpeg 768w, https:\/\/hethuisje.be\/wp-content\/uploads\/2025\/05\/carrousel-het-huisje-tongeren-004-1920-1536x1152.jpeg 1536w, https:\/\/hethuisje.be\/wp-content\/uploads\/2025\/05\/carrousel-het-huisje-tongeren-004-1920-600x450.jpeg 600w\" sizes=\"auto, (max-width: 1920px) 100vw, 1920px\">\n\t\t\t\n          <\/div>\n        <\/div>\n       \n\t                    \n        <div class=\"swiper-slide\">\n          <div class=\"bde-basicslider__slide\">\n              <div class=\"bde-basicslider__content\">\n                                                <\/div>\n\n\t\t\t\t\t\t          <img loading=\"lazy\" decoding=\"async\" class=\"breakdance-image-object bde-basicslider__image\" src=\"https:\/\/hethuisje.be\/wp-content\/uploads\/2025\/05\/carrousel-het-huisje-tongeren-008-1920.jpeg\" width=\"1920\" height=\"1440\" srcset=\"https:\/\/hethuisje.be\/wp-content\/uploads\/2025\/05\/carrousel-het-huisje-tongeren-008-1920.jpeg 1920w, https:\/\/hethuisje.be\/wp-content\/uploads\/2025\/05\/carrousel-het-huisje-tongeren-008-1920-300x225.jpeg 300w, https:\/\/hethuisje.be\/wp-content\/uploads\/2025\/05\/carrousel-het-huisje-tongeren-008-1920-1024x768.jpeg 1024w, https:\/\/hethuisje.be\/wp-content\/uploads\/2025\/05\/carrousel-het-huisje-tongeren-008-1920-768x576.jpeg 768w, https:\/\/hethuisje.be\/wp-content\/uploads\/2025\/05\/carrousel-het-huisje-tongeren-008-1920-1536x1152.jpeg 1536w, https:\/\/hethuisje.be\/wp-content\/uploads\/2025\/05\/carrousel-het-huisje-tongeren-008-1920-600x450.jpeg 600w\" sizes=\"auto, (max-width: 1920px) 100vw, 1920px\">\n\t\t\t\n          <\/div>\n        <\/div>\n       \n\t                    \n        <div class=\"swiper-slide\">\n          <div class=\"bde-basicslider__slide\" style=\"  background: #c0faf9;\">\n              <div class=\"bde-basicslider__content\">\n                                                <\/div>\n\n\t\t\t\t\t\t          <img loading=\"lazy\" decoding=\"async\" class=\"breakdance-image-object bde-basicslider__image\" src=\"https:\/\/hethuisje.be\/wp-content\/uploads\/2025\/05\/carrousel-het-huisje-tongeren-007-1920.jpeg\" width=\"1920\" height=\"1440\" srcset=\"https:\/\/hethuisje.be\/wp-content\/uploads\/2025\/05\/carrousel-het-huisje-tongeren-007-1920.jpeg 1920w, https:\/\/hethuisje.be\/wp-content\/uploads\/2025\/05\/carrousel-het-huisje-tongeren-007-1920-300x225.jpeg 300w, https:\/\/hethuisje.be\/wp-content\/uploads\/2025\/05\/carrousel-het-huisje-tongeren-007-1920-1024x768.jpeg 1024w, https:\/\/hethuisje.be\/wp-content\/uploads\/2025\/05\/carrousel-het-huisje-tongeren-007-1920-768x576.jpeg 768w, https:\/\/hethuisje.be\/wp-content\/uploads\/2025\/05\/carrousel-het-huisje-tongeren-007-1920-1536x1152.jpeg 1536w, https:\/\/hethuisje.be\/wp-content\/uploads\/2025\/05\/carrousel-het-huisje-tongeren-007-1920-600x450.jpeg 600w\" sizes=\"auto, (max-width: 1920px) 100vw, 1920px\">\n\t\t\t\n          <\/div>\n        <\/div>\n       \n\t                    \n        <div class=\"swiper-slide\">\n          <div class=\"bde-basicslider__slide\" style=\"  background: #c0faf9;\">\n              <div class=\"bde-basicslider__content\">\n                                                <\/div>\n\n\t\t\t\t\t\t          <img loading=\"lazy\" decoding=\"async\" class=\"breakdance-image-object bde-basicslider__image\" src=\"https:\/\/hethuisje.be\/wp-content\/uploads\/2025\/05\/carrousel-het-huisje-tongeren-006-1920.jpeg\" width=\"1920\" height=\"1440\" srcset=\"https:\/\/hethuisje.be\/wp-content\/uploads\/2025\/05\/carrousel-het-huisje-tongeren-006-1920.jpeg 1920w, https:\/\/hethuisje.be\/wp-content\/uploads\/2025\/05\/carrousel-het-huisje-tongeren-006-1920-300x225.jpeg 300w, https:\/\/hethuisje.be\/wp-content\/uploads\/2025\/05\/carrousel-het-huisje-tongeren-006-1920-1024x768.jpeg 1024w, https:\/\/hethuisje.be\/wp-content\/uploads\/2025\/05\/carrousel-het-huisje-tongeren-006-1920-768x576.jpeg 768w, https:\/\/hethuisje.be\/wp-content\/uploads\/2025\/05\/carrousel-het-huisje-tongeren-006-1920-1536x1152.jpeg 1536w, https:\/\/hethuisje.be\/wp-content\/uploads\/2025\/05\/carrousel-het-huisje-tongeren-006-1920-600x450.jpeg 600w\" sizes=\"auto, (max-width: 1920px) 100vw, 1920px\">\n\t\t\t\n          <\/div>\n        <\/div>\n       \n\t                    \n        <div class=\"swiper-slide\">\n          <div class=\"bde-basicslider__slide\" style=\"  background: #c0faf9;\">\n              <div class=\"bde-basicslider__content\">\n                                                <\/div>\n\n\t\t\t\t\t\t          <img loading=\"lazy\" decoding=\"async\" class=\"breakdance-image-object bde-basicslider__image\" src=\"https:\/\/hethuisje.be\/wp-content\/uploads\/2025\/05\/carrousel-het-huisje-tongeren-005-1920.jpeg\" width=\"1920\" height=\"1440\" srcset=\"https:\/\/hethuisje.be\/wp-content\/uploads\/2025\/05\/carrousel-het-huisje-tongeren-005-1920.jpeg 1920w, https:\/\/hethuisje.be\/wp-content\/uploads\/2025\/05\/carrousel-het-huisje-tongeren-005-1920-300x225.jpeg 300w, https:\/\/hethuisje.be\/wp-content\/uploads\/2025\/05\/carrousel-het-huisje-tongeren-005-1920-1024x768.jpeg 1024w, https:\/\/hethuisje.be\/wp-content\/uploads\/2025\/05\/carrousel-het-huisje-tongeren-005-1920-768x576.jpeg 768w, https:\/\/hethuisje.be\/wp-content\/uploads\/2025\/05\/carrousel-het-huisje-tongeren-005-1920-1536x1152.jpeg 1536w, https:\/\/hethuisje.be\/wp-content\/uploads\/2025\/05\/carrousel-het-huisje-tongeren-005-1920-600x450.jpeg 600w\" sizes=\"auto, (max-width: 1920px) 100vw, 1920px\">\n\t\t\t\n          <\/div>\n        <\/div>\n       \n\t                    \n        <div class=\"swiper-slide\">\n          <div class=\"bde-basicslider__slide\" style=\"  background: #c0faf9;\">\n              <div class=\"bde-basicslider__content\">\n                                                <\/div>\n\n\t\t\t\t\t\t          <img loading=\"lazy\" decoding=\"async\" class=\"breakdance-image-object bde-basicslider__image\" src=\"https:\/\/hethuisje.be\/wp-content\/uploads\/2025\/05\/carrousel-het-huisje-tongeren-002-1920.jpeg\" width=\"1920\" height=\"1440\" srcset=\"https:\/\/hethuisje.be\/wp-content\/uploads\/2025\/05\/carrousel-het-huisje-tongeren-002-1920.jpeg 1920w, https:\/\/hethuisje.be\/wp-content\/uploads\/2025\/05\/carrousel-het-huisje-tongeren-002-1920-300x225.jpeg 300w, https:\/\/hethuisje.be\/wp-content\/uploads\/2025\/05\/carrousel-het-huisje-tongeren-002-1920-1024x768.jpeg 1024w, https:\/\/hethuisje.be\/wp-content\/uploads\/2025\/05\/carrousel-het-huisje-tongeren-002-1920-768x576.jpeg 768w, https:\/\/hethuisje.be\/wp-content\/uploads\/2025\/05\/carrousel-het-huisje-tongeren-002-1920-1536x1152.jpeg 1536w, https:\/\/hethuisje.be\/wp-content\/uploads\/2025\/05\/carrousel-het-huisje-tongeren-002-1920-600x450.jpeg 600w\" sizes=\"auto, (max-width: 1920px) 100vw, 1920px\">\n\t\t\t\n          <\/div>\n        <\/div>\n       \n\t                    \n        <div class=\"swiper-slide\">\n          <div class=\"bde-basicslider__slide\" style=\"  background: #c0faf9;\">\n              <div class=\"bde-basicslider__content\">\n                                                <\/div>\n\n\t\t\t\t\t\t          <img loading=\"lazy\" decoding=\"async\" class=\"breakdance-image-object bde-basicslider__image\" src=\"https:\/\/hethuisje.be\/wp-content\/uploads\/2025\/05\/carrousel-het-huisje-tongeren-001-1920.jpeg\" width=\"1920\" height=\"1440\" srcset=\"https:\/\/hethuisje.be\/wp-content\/uploads\/2025\/05\/carrousel-het-huisje-tongeren-001-1920.jpeg 1920w, https:\/\/hethuisje.be\/wp-content\/uploads\/2025\/05\/carrousel-het-huisje-tongeren-001-1920-300x225.jpeg 300w, https:\/\/hethuisje.be\/wp-content\/uploads\/2025\/05\/carrousel-het-huisje-tongeren-001-1920-1024x768.jpeg 1024w, https:\/\/hethuisje.be\/wp-content\/uploads\/2025\/05\/carrousel-het-huisje-tongeren-001-1920-768x576.jpeg 768w, https:\/\/hethuisje.be\/wp-content\/uploads\/2025\/05\/carrousel-het-huisje-tongeren-001-1920-1536x1152.jpeg 1536w, https:\/\/hethuisje.be\/wp-content\/uploads\/2025\/05\/carrousel-het-huisje-tongeren-001-1920-600x450.jpeg 600w\" sizes=\"auto, (max-width: 1920px) 100vw, 1920px\">\n\t\t\t\n          <\/div>\n        <\/div>\n       \n      <\/div>\n    <\/div>\n                <div class=\"swiper-button-prev\">\n            \n        <\/div>\n        <div class=\"swiper-button-next\">\n            \n        <\/div>\n    \n            <div class=\"swiper-pagination\"><\/div>\n    \n<\/div>\n\n<\/div><\/div>\n<\/section><section class=\"bde-section-61-102 bde-section\">\n  \n  \n\t\n\n\n\n<div class=\"section-container\"><div class=\"bde-div-61-103 bde-div\">\n  \n  \n\t\n\n\n\n<img decoding=\"async\" class=\"bde-image2-61-104 bde-image2\" src=\"https:\/\/hethuisje.be\/wp-content\/uploads\/2025\/09\/gevel-het-huisje-tongeren-sterren_900-768x1165.jpg\" loading=\"lazy\" srcset=\"https:\/\/hethuisje.be\/wp-content\/uploads\/2025\/09\/gevel-het-huisje-tongeren-sterren_900.jpg 900w, https:\/\/hethuisje.be\/wp-content\/uploads\/2025\/09\/gevel-het-huisje-tongeren-sterren_900-198x300.jpg 198w, https:\/\/hethuisje.be\/wp-content\/uploads\/2025\/09\/gevel-het-huisje-tongeren-sterren_900-675x1024.jpg 675w, https:\/\/hethuisje.be\/wp-content\/uploads\/2025\/09\/gevel-het-huisje-tongeren-sterren_900-768x1165.jpg 768w, https:\/\/hethuisje.be\/wp-content\/uploads\/2025\/09\/gevel-het-huisje-tongeren-sterren_900-8x12.jpg 8w\" sizes=\"(max-width: 900px) 100vw, 900px\"><div class=\"bde-icon-61-105 bde-icon\">\n\n    \n                    \n            \n                           \n                        \n\n    \n    \n    \n                    \n    \n    <a class=\"breakdance-link bde-icon-icon breakdance-icon-atom\" href=\"#\" target=\"_self\" data-type=\"action\"  data-action='{\"type\":\"slider\",\"sliderOptions\":{\"elementId\":\"bde-basicslider-61-101\",\"actionType\":\"previous\"}}' >\n\n    \n                    <svg xmlns=\"http:\/\/www.w3.org\/2000\/svg\" viewbox=\"0 0 256 512\"><!-- Font Awesome Free 5.15.1 by @fontawesome - https:\/\/fontawesome.com License - https:\/\/fontawesome.com\/license\/free (Icons: CC BY 4.0, Fonts: SIL OFL 1.1, Code: MIT License) --><path d=\"M31.7 239l136-136c9.4-9.4 24.6-9.4 33.9 0l22.6 22.6c9.4 9.4 9.4 24.6 0 33.9L127.9 256l96.4 96.4c9.4 9.4 9.4 24.6 0 33.9L201.7 409c-9.4 9.4-24.6 9.4-33.9 0l-136-136c-9.5-9.4-9.5-24.6-.1-34z\"\/><\/svg>\n        \n        \n        \n                <\/a>\n\n    \n\n\n<\/div><div class=\"bde-icon-61-106 bde-icon\">\n\n    \n                    \n            \n                           \n                        \n\n    \n    \n    \n                    \n    \n    <a class=\"breakdance-link bde-icon-icon breakdance-icon-atom\" href=\"#\" target=\"_self\" data-type=\"action\"  data-action='{\"type\":\"slider\",\"sliderOptions\":{\"elementId\":\"bde-basicslider-61-101\",\"actionType\":\"next\"}}' >\n\n    \n                    <svg xmlns=\"http:\/\/www.w3.org\/2000\/svg\" viewbox=\"0 0 256 512\"><!-- Font Awesome Free 5.15.1 by @fontawesome - https:\/\/fontawesome.com License - https:\/\/fontawesome.com\/license\/free (Icons: CC BY 4.0, Fonts: SIL OFL 1.1, Code: MIT License) --><path d=\"M224.3 273l-136 136c-9.4 9.4-24.6 9.4-33.9 0l-22.6-22.6c-9.4-9.4-9.4-24.6 0-33.9l96.4-96.4-96.4-96.4c-9.4-9.4-9.4-24.6 0-33.9L54.3 103c9.4-9.4 24.6-9.4 33.9 0l136 136c9.5 9.4 9.5 24.6.1 34z\"\/><\/svg>\n        \n        \n        \n                <\/a>\n\n    \n\n\n<\/div><div class=\"bde-div-61-107 bde-div\">\n  \n  \n\t\n\n\n\n<div class=\"bde-div-61-112 bde-div\">\n  \n  \n\t\n\n\n\n<h1 class=\"bde-heading-61-108 bde-heading\">\nContacteer Ons\n<\/h1>\n<\/div><div class=\"bde-div-61-113 bde-div\">\n  \n  \n\t\n\n\n\n<div class=\"bde-text-61-109 bde-text font-body-bold\">\nBienvenue \u00e0 \"Het Huisje\"\n<\/div><div class=\"bde-shortcode-61-111 bde-shortcode\">\n<div class='fluentform ff-default fluentform_wrapper_3 ffs_default_wrap'><form data-form_id=\"3\" id=\"fluentform_3\" class=\"frm-fluent-form fluent_form_3 ff-el-form-top ff_form_instance_3_1 ff-form-loading ffs_default\" data-form_instance=\"ff_form_instance_3_1\" method=\"POST\" action=\"\" ><fieldset  style=\"border: none!important;margin: 0!important;padding: 0!important;background-color: transparent!important;box-shadow: none!important;outline: none!important; min-inline-size: 100%;\">\n                    <legend class=\"ff_screen_reader_title\" style=\"display: block; margin: 0!important;padding: 0!important;height: 0!important;text-indent: -999999px;width: 0!important;overflow:hidden;\">Contact NL<\/legend>        <div\n                style=\"display: none!important; position: absolute!important; transform: translateX(1000%)!important;\"\n                class=\"ff-el-group ff-hpsf-container\"\n        >\n            <div class=\"ff-el-input--label asterisk-right\">\n                <label for=\"ff_3_item_sf\" aria-label=\"Notify\">\n                    Notify                <\/label>\n            <\/div>\n            <div class=\"ff-el-input--content\">\n                <input type=\"text\"\n                       name=\"item_3__fluent_sf\"\n                       class=\"ff-el-form-control\"\n                       id=\"ff_3_item_sf\"\n                \/>\n            <\/div>\n        <\/div>\n        <input type='hidden' name='__fluent_form_embded_post_id' value='61' \/><input type=\"hidden\" id=\"_fluentform_3_fluentformnonce\" name=\"_fluentform_3_fluentformnonce\" value=\"d96c102ed7\" \/><input type=\"hidden\" name=\"_wp_http_referer\" value=\"\/fr\/wp-json\/wp\/v2\/pages\/61\" \/><div data-type=\"name-element\" data-name=\"names\" class=\"ff-field_container ff-name-field-wrapper\" ><div class='ff-t-container'><div class='ff-t-cell'><div class='ff-el-group  ff-el-form-hide_label'><div class=\"ff-el-input--label ff-el-is-required asterisk-right\"><label for='ff_3_names_first_name_' >Voornaam<\/label><\/div><div class='ff-el-input--content'><input type=\"text\" name=\"names[first_name]\" id=\"ff_3_names_first_name_\" class=\"ff-el-form-control\" placeholder=\"Voornaam *\" aria-invalid=\"false\" aria-required=\"true\"><\/div><\/div><\/div><div class='ff-t-cell'><div class='ff-el-group  ff-el-form-hide_label'><div class=\"ff-el-input--label ff-el-is-required asterisk-right\"><label for='ff_3_names_last_name_' >Familienaam<\/label><\/div><div class='ff-el-input--content'><input type=\"text\" name=\"names[last_name]\" id=\"ff_3_names_last_name_\" class=\"ff-el-form-control\" placeholder=\"Familienaam *\" aria-invalid=\"false\" aria-required=\"true\"><\/div><\/div><\/div><\/div><\/div><div class='ff-el-group ff-el-form-hide_label'><div class=\"ff-el-input--label asterisk-right\"><label for='ff_3_phone' aria-label=\"Telnr\">Telnr<\/label><\/div><div class='ff-el-input--content'><input name=\"phone\" class=\"ff-el-form-control ff-el-phone ff_el_with_extended_validation\" type=\"tel\" placeholder=\"Telnr\" data-name=\"phone\" id=\"ff_3_phone\" inputmode=\"tel\"  aria-invalid='false' aria-required=\"false\"><\/div><\/div><div class='ff-el-group ff-el-form-hide_label'><div class=\"ff-el-input--label ff-el-is-required asterisk-right\"><label for='ff_3_email' aria-label=\"E-mailadres\">E-mailadres<\/label><\/div><div class='ff-el-input--content'><input type=\"email\" name=\"email\" id=\"ff_3_email\" class=\"ff-el-form-control\" placeholder=\"E-mailadres *\" data-name=\"email\"  aria-invalid=\"false\" aria-required=\"true\"><\/div><\/div><div class='ff-el-group ff-el-form-hide_label'><div class=\"ff-el-input--label ff-el-is-required asterisk-right\"><label for='ff_3_description' aria-label=\"Bericht\">Bericht<\/label><\/div><div class='ff-el-input--content'><textarea aria-invalid=\"false\" aria-required=\"true\" name=\"description\" id=\"ff_3_description\" class=\"ff-el-form-control\" placeholder=\"Bericht *\" rows=\"5\" cols=\"2\" data-name=\"description\" ><\/textarea><\/div><\/div><div class='ff-el-group    ff-el-input--content'><div class='ff-el-form-check ff-el-tc'><label aria-label='Je donne la permission \u00e0 ce site web de stocker mes informations soumises afin qu&#039;ils puissent r\u00e9pondre \u00e0 ma demande.' class='ff-el-form-check-label ff_tc_label' for=\"gdpr-agreement_475c34a0fc9be4d9b20f9dc895ad201b\"><span class='ff_tc_checkbox'><input type=\"checkbox\" name=\"gdpr-agreement\" class=\"ff-el-form-check-input ff_gdpr_field\" data-name=\"gdpr-agreement\" id=\"gdpr-agreement_475c34a0fc9be4d9b20f9dc895ad201b\"  value='on' aria-invalid='false' aria-required=\"true\"><\/span> <div class='ff_t_c'>Je donne la permission \u00e0 ce site web de stocker mes informations soumises afin qu'ils puissent r\u00e9pondre \u00e0 ma demande.<\/div><\/label><\/div><\/div><div class='ff-el-group ff-text-left ff_submit_btn_wrapper'><button type=\"submit\" class=\"ff-btn ff-btn-submit ff-btn-md ff_btn_style\" >Verstuur<\/button><\/div><\/fieldset><input type=\"hidden\" name=\"trp-form-language\" value=\"fr\"\/><\/form><div id='fluentform_3_errors' class='ff-errors-in-stack ff_form_instance_3_1 ff-form-loading_errors ff_form_instance_3_1_errors'><\/div><\/div>            <script type=\"text\/javascript\">\n                window.fluent_form_ff_form_instance_3_1 = {\"id\":\"3\",\"settings\":{\"layout\":{\"labelPlacement\":\"top\",\"helpMessagePlacement\":\"with_label\",\"errorMessagePlacement\":\"inline\",\"cssClassName\":\"\",\"asteriskPlacement\":\"asterisk-right\"},\"restrictions\":{\"denyEmptySubmission\":{\"enabled\":false}}},\"form_instance\":\"ff_form_instance_3_1\",\"form_id_selector\":\"fluentform_3\",\"rules\":{\"names[first_name]\":{\"required\":{\"value\":true,\"message\":\"Dit veld is verplicht\"}},\"names[middle_name]\":{\"required\":{\"value\":false,\"message\":\"This field is required\"}},\"names[last_name]\":{\"required\":{\"value\":true,\"message\":\"Dit veld is verplicht\"}},\"phone\":{\"required\":{\"value\":false,\"message\":\"Dit veld is verplicht.\"},\"valid_phone_number\":{\"value\":true,\"message\":\"Telnr is niet geldig.\"}},\"email\":{\"required\":{\"value\":true,\"message\":\"Dit veld is verplicht\"},\"email\":{\"value\":true,\"message\":\"Dit veld moet een geldig e-mailadres bevatten\"}},\"description\":{\"required\":{\"value\":true,\"message\":\"Dit veld is verplicht\"}},\"gdpr-agreement\":{\"required\":{\"value\":true,\"message\":\"Dit veld is verplicht\"}}},\"debounce_time\":300};\n                            <\/script>\n            \n<\/div>\n<\/div>\n<\/div>\n<\/div><\/div>\n<\/section>","protected":false},"excerpt":{"rendered":"<p>Contacteer Ons Welkom in &#8220;Het Huisje&#8221; Contact NL Notify VoornaamFamilienaamTelnrE-mailadresBericht Ik geef toestemming aan deze website om mijn ingediende informatie op te slaan zodat ze kunnen reageren op mijn verzoek.Verstuur<\/p>","protected":false},"author":2,"featured_media":0,"parent":0,"menu_order":2,"comment_status":"closed","ping_status":"closed","template":"","meta":{"_acf_changed":false,"_breakdance_hide_in_design_set":false,"_breakdance_tags":"","footnotes":""},"class_list":["post-61","page","type-page","status-publish","hentry"],"acf":[],"_links":{"self":[{"href":"https:\/\/hethuisje.be\/fr\/wp-json\/wp\/v2\/pages\/61","targetHints":{"allow":["GET"]}}],"collection":[{"href":"https:\/\/hethuisje.be\/fr\/wp-json\/wp\/v2\/pages"}],"about":[{"href":"https:\/\/hethuisje.be\/fr\/wp-json\/wp\/v2\/types\/page"}],"author":[{"embeddable":true,"href":"https:\/\/hethuisje.be\/fr\/wp-json\/wp\/v2\/users\/2"}],"replies":[{"embeddable":true,"href":"https:\/\/hethuisje.be\/fr\/wp-json\/wp\/v2\/comments?post=61"}],"version-history":[{"count":8,"href":"https:\/\/hethuisje.be\/fr\/wp-json\/wp\/v2\/pages\/61\/revisions"}],"predecessor-version":[{"id":590,"href":"https:\/\/hethuisje.be\/fr\/wp-json\/wp\/v2\/pages\/61\/revisions\/590"}],"wp:attachment":[{"href":"https:\/\/hethuisje.be\/fr\/wp-json\/wp\/v2\/media?parent=61"}],"curies":[{"name":"wp","href":"https:\/\/api.w.org\/{rel}","templated":true}]}}