{"id":60,"date":"2022-12-21T18:27:18","date_gmt":"2022-12-21T17:27:18","guid":{"rendered":"https:\/\/huisje.nieuwproject.be\/in-de-buurt\/"},"modified":"2025-09-11T09:11:39","modified_gmt":"2025-09-11T07:11:39","slug":"in-en-om-tongeren","status":"publish","type":"page","link":"https:\/\/hethuisje.be\/fr\/in-en-om-tongeren\/","title":{"rendered":"Alentours"},"content":{"rendered":"<section class=\"bde-section-60-111 bde-section\">\n  \n  \n\t\n\n\n\n<div class=\"section-container\"><div class=\"bde-basicslider-60-112 bde-basicslider\">\n<div class=\"breakdance-swiper-wrapper\" data-swiper-id=\"112\">\n    <div class=\"swiper\">\n      <div class=\"swiper-wrapper\">\n      \n\t                    \n        <div class=\"swiper-slide\">\n          <div class=\"bde-basicslider__slide\" style=\"  background: #fcbc8f;\">\n              <div class=\"bde-basicslider__content\">\n                                                <\/div>\n\n\t\t\t\t\t\t          <img loading=\"lazy\" decoding=\"async\" class=\"breakdance-image-object bde-basicslider__image\" src=\"https:\/\/hethuisje.be\/wp-content\/uploads\/2025\/05\/de-mijlpaal-in-de-buurt-het-huisje.jpg\" width=\"2000\" height=\"1334\" srcset=\"https:\/\/hethuisje.be\/wp-content\/uploads\/2025\/05\/de-mijlpaal-in-de-buurt-het-huisje.jpg 2000w, https:\/\/hethuisje.be\/wp-content\/uploads\/2025\/05\/de-mijlpaal-in-de-buurt-het-huisje-300x200.jpg 300w, https:\/\/hethuisje.be\/wp-content\/uploads\/2025\/05\/de-mijlpaal-in-de-buurt-het-huisje-1024x683.jpg 1024w, https:\/\/hethuisje.be\/wp-content\/uploads\/2025\/05\/de-mijlpaal-in-de-buurt-het-huisje-768x512.jpg 768w, https:\/\/hethuisje.be\/wp-content\/uploads\/2025\/05\/de-mijlpaal-in-de-buurt-het-huisje-1536x1025.jpg 1536w, https:\/\/hethuisje.be\/wp-content\/uploads\/2025\/05\/de-mijlpaal-in-de-buurt-het-huisje-18x12.jpg 18w, https:\/\/hethuisje.be\/wp-content\/uploads\/2025\/05\/de-mijlpaal-in-de-buurt-het-huisje-600x400.jpg 600w\" sizes=\"auto, (max-width: 2000px) 100vw, 2000px\">\n\t\t\t\n          <\/div>\n        <\/div>\n       \n\t                    \n        <div class=\"swiper-slide\">\n          <div class=\"bde-basicslider__slide\" style=\"  background: #fcbc8f;\">\n              <div class=\"bde-basicslider__content\">\n                                                <\/div>\n\n\t\t\t\t\t\t          <img loading=\"lazy\" decoding=\"async\" class=\"breakdance-image-object bde-basicslider__image\" src=\"https:\/\/hethuisje.be\/wp-content\/uploads\/2022\/12\/antiekmarkt-het-huisje-tongeren-1920.jpg\" width=\"1920\" height=\"1280\" srcset=\"https:\/\/hethuisje.be\/wp-content\/uploads\/2022\/12\/antiekmarkt-het-huisje-tongeren-1920.jpg 1920w, https:\/\/hethuisje.be\/wp-content\/uploads\/2022\/12\/antiekmarkt-het-huisje-tongeren-1920-300x200.jpg 300w, https:\/\/hethuisje.be\/wp-content\/uploads\/2022\/12\/antiekmarkt-het-huisje-tongeren-1920-1024x683.jpg 1024w, https:\/\/hethuisje.be\/wp-content\/uploads\/2022\/12\/antiekmarkt-het-huisje-tongeren-1920-768x512.jpg 768w, https:\/\/hethuisje.be\/wp-content\/uploads\/2022\/12\/antiekmarkt-het-huisje-tongeren-1920-1536x1024.jpg 1536w, https:\/\/hethuisje.be\/wp-content\/uploads\/2022\/12\/antiekmarkt-het-huisje-tongeren-1920-18x12.jpg 18w\" sizes=\"auto, (max-width: 1920px) 100vw, 1920px\">\n\t\t\t\n          <\/div>\n        <\/div>\n       \n      <\/div>\n    <\/div>\n                <div class=\"swiper-button-prev\">\n            \n        <\/div>\n        <div class=\"swiper-button-next\">\n            \n        <\/div>\n    \n            <div class=\"swiper-pagination\"><\/div>\n    \n<\/div>\n\n<\/div><\/div>\n<\/section><section class=\"bde-section-60-102 bde-section\">\n  \n  \n\t\n\n\n\n<div class=\"section-container\"><div class=\"bde-div-60-103 bde-div\">\n  \n  \n\t\n\n\n\n<div class=\"bde-icon-60-104 bde-icon\">\n\n    \n                    \n            \n                           \n                        \n\n    \n    \n    \n                    \n    \n    <a class=\"breakdance-link bde-icon-icon breakdance-icon-atom\" href=\"#\" target=\"_self\" data-type=\"action\"  data-action='{\"type\":\"slider\",\"sliderOptions\":{\"elementId\":\"bde-basicslider-60-112\",\"actionType\":\"previous\"}}' >\n\n    \n                    <svg xmlns=\"http:\/\/www.w3.org\/2000\/svg\" viewbox=\"0 0 256 512\"><!-- Font Awesome Free 5.15.1 by @fontawesome - https:\/\/fontawesome.com License - https:\/\/fontawesome.com\/license\/free (Icons: CC BY 4.0, Fonts: SIL OFL 1.1, Code: MIT License) --><path d=\"M31.7 239l136-136c9.4-9.4 24.6-9.4 33.9 0l22.6 22.6c9.4 9.4 9.4 24.6 0 33.9L127.9 256l96.4 96.4c9.4 9.4 9.4 24.6 0 33.9L201.7 409c-9.4 9.4-24.6 9.4-33.9 0l-136-136c-9.5-9.4-9.5-24.6-.1-34z\"\/><\/svg>\n        \n        \n        \n                <\/a>\n\n    \n\n\n<\/div><div class=\"bde-icon-60-105 bde-icon\">\n\n    \n                    \n            \n                           \n                        \n\n    \n    \n    \n                    \n    \n    <a class=\"breakdance-link bde-icon-icon breakdance-icon-atom\" href=\"#\" target=\"_self\" data-type=\"action\"  data-action='{\"type\":\"slider\",\"sliderOptions\":{\"elementId\":\"bde-basicslider-60-112\",\"actionType\":\"next\"}}' >\n\n    \n                    <svg xmlns=\"http:\/\/www.w3.org\/2000\/svg\" viewbox=\"0 0 256 512\"><!-- Font Awesome Free 5.15.1 by @fontawesome - https:\/\/fontawesome.com License - https:\/\/fontawesome.com\/license\/free (Icons: CC BY 4.0, Fonts: SIL OFL 1.1, Code: MIT License) --><path d=\"M224.3 273l-136 136c-9.4 9.4-24.6 9.4-33.9 0l-22.6-22.6c-9.4-9.4-9.4-24.6 0-33.9l96.4-96.4-96.4-96.4c-9.4-9.4-9.4-24.6 0-33.9L54.3 103c9.4-9.4 24.6-9.4 33.9 0l136 136c9.5 9.4 9.5 24.6.1 34z\"\/><\/svg>\n        \n        \n        \n                <\/a>\n\n    \n\n\n<\/div><div class=\"bde-div-60-106 bde-div\">\n  \n  \n\t\n\n\n\n<h1 class=\"bde-heading-60-107 bde-heading\">\nAlentours\n<\/h1><div class=\"bde-text-60-108 bde-text font-body-bold\">\nAutant de choses \u00e0 faire et \u00e0 vivre \u00e0 Tongres et ses environs.\n<\/div>\n<\/div>\n<\/div><\/div>\n<\/section><section class=\"bde-section-60-110 bde-section\">\n  \n  \n\t\n\n\n\n<div class=\"section-container\"><div class=\"bde-post-loop-60-109 bde-post-loop\">\n<div class=\"bde-loop bde-loop-grid ee-posts ee-posts-grid\">    <article class=\"bde-loop-item ee-post\">\n        <a class=\"bde-container-link-152-105-132-152-1 bde-container-link bde-container-link-152-105 breakdance-link\" href=\"https:\/\/www.tongeren-borgloon.be\/antiekmarkt\" target=\"_blank\" data-type=\"url\" rel=\"noopener\">\n  \n  \n\t\n\n\n\n<div class=\"bde-div-152-107-132-152-1 bde-div bde-div-152-107\">\n  \n  \n\t\n\n\n\n<img decoding=\"async\" class=\"bde-image2-152-104-132-152-1 bde-image2 bde-image2-152-104\" src=\"https:\/\/hethuisje.be\/wp-content\/uploads\/2022\/12\/antiekmarkt-het-huisje-tongeren-1920.jpg\" loading=\"lazy\" srcset=\"https:\/\/hethuisje.be\/wp-content\/uploads\/2022\/12\/antiekmarkt-het-huisje-tongeren-1920.jpg 1920w, https:\/\/hethuisje.be\/wp-content\/uploads\/2022\/12\/antiekmarkt-het-huisje-tongeren-1920-300x200.jpg 300w, https:\/\/hethuisje.be\/wp-content\/uploads\/2022\/12\/antiekmarkt-het-huisje-tongeren-1920-1024x683.jpg 1024w, https:\/\/hethuisje.be\/wp-content\/uploads\/2022\/12\/antiekmarkt-het-huisje-tongeren-1920-768x512.jpg 768w, https:\/\/hethuisje.be\/wp-content\/uploads\/2022\/12\/antiekmarkt-het-huisje-tongeren-1920-1536x1024.jpg 1536w, https:\/\/hethuisje.be\/wp-content\/uploads\/2022\/12\/antiekmarkt-het-huisje-tongeren-1920-18x12.jpg 18w\" sizes=\"(max-width: 1920px) 100vw, 1920px\"><div class=\"bde-div-152-106-132-152-1 bde-div bde-div-152-106\">\n  \n  \n\t\n\n\n\n<div class=\"bde-div-152-109-132-152-1 bde-div bde-div-152-109\">\n  \n  \n\t\n\n\n\n<div class=\"bde-text-152-111-132-152-1 bde-text bde-text-152-111\">\nTous les dimanches, plus de 250 exposants et 40 antiquaires exposent leurs plus beaux objets au c\u00e9l\u00e8bre march\u00e9 aux antiquit\u00e9s de Tongres. Le march\u00e9 aux antiquit\u00e9s de Tongres, le plus grand du Benelux, est ouvert tous les dimanches de 7h \u00e0 13h.\n<\/div>\n<\/div><div class=\"bde-div-152-108-132-152-1 bde-div bde-div-152-108\">\n  \n  \n\t\n\n\n\n<div class=\"bde-text-152-110-132-152-1 bde-text font-body-bold bde-text-152-110\">\nMarch\u00e9 aux antiquit\u00e9s\n<\/div>\n<\/div>\n<\/div>\n<\/div>\n\n<\/a>    <\/article>\n    <article class=\"bde-loop-item ee-post\">\n        <a class=\"bde-container-link-152-105-137-152-1 bde-container-link bde-container-link-152-105 breakdance-link\" target=\"_blank\" data-type=\"url\">\n  \n  \n\t\n\n\n\n<div class=\"bde-div-152-107-137-152-1 bde-div bde-div-152-107\">\n  \n  \n\t\n\n\n\n<img decoding=\"async\" class=\"bde-image2-152-104-137-152-1 bde-image2 bde-image2-152-104\" src=\"https:\/\/hethuisje.be\/wp-content\/uploads\/2022\/12\/basiliek-tongeren-het-huisje-1920-scaled.jpg\" loading=\"lazy\" srcset=\"https:\/\/hethuisje.be\/wp-content\/uploads\/2022\/12\/basiliek-tongeren-het-huisje-1920-scaled.jpg 1379w, https:\/\/hethuisje.be\/wp-content\/uploads\/2022\/12\/basiliek-tongeren-het-huisje-1920-215x300.jpg 215w, https:\/\/hethuisje.be\/wp-content\/uploads\/2022\/12\/basiliek-tongeren-het-huisje-1920-736x1024.jpg 736w, https:\/\/hethuisje.be\/wp-content\/uploads\/2022\/12\/basiliek-tongeren-het-huisje-1920-768x1069.jpg 768w, https:\/\/hethuisje.be\/wp-content\/uploads\/2022\/12\/basiliek-tongeren-het-huisje-1920-1103x1536.jpg 1103w, https:\/\/hethuisje.be\/wp-content\/uploads\/2022\/12\/basiliek-tongeren-het-huisje-1920-9x12.jpg 9w\" sizes=\"(max-width: 1379px) 100vw, 1379px\"><div class=\"bde-div-152-106-137-152-1 bde-div bde-div-152-106\">\n  \n  \n\t\n\n\n\n<div class=\"bde-div-152-109-137-152-1 bde-div bde-div-152-109\">\n  \n  \n\t\n\n\n\n<div class=\"bde-text-152-111-137-152-1 bde-text bde-text-152-111\">\n\u00c0 Tongres, vous pourrez visiter la magnifique basilique. Un escalier vous m\u00e8nera au toit, offrant une vue imprenable sur Tongres et ses environs.\n<\/div>\n<\/div><div class=\"bde-div-152-108-137-152-1 bde-div bde-div-152-108\">\n  \n  \n\t\n\n\n\n<div class=\"bde-text-152-110-137-152-1 bde-text font-body-bold bde-text-152-110\">\nBasilique\n<\/div>\n<\/div>\n<\/div>\n<\/div>\n\n<\/a>    <\/article>\n    <article class=\"bde-loop-item ee-post\">\n        <a class=\"bde-container-link-152-105-138-152-1 bde-container-link bde-container-link-152-105 breakdance-link\" href=\"https:\/\/teseum.be\/\" target=\"_blank\" data-type=\"url\" rel=\"noopener\">\n  \n  \n\t\n\n\n\n<div class=\"bde-div-152-107-138-152-1 bde-div bde-div-152-107\">\n  \n  \n\t\n\n\n\n<img decoding=\"async\" class=\"bde-image2-152-104-138-152-1 bde-image2 bde-image2-152-104\" src=\"https:\/\/hethuisje.be\/wp-content\/uploads\/2022\/12\/teseum-tongeren-het-huisje-1920.jpg\" loading=\"lazy\" srcset=\"https:\/\/hethuisje.be\/wp-content\/uploads\/2022\/12\/teseum-tongeren-het-huisje-1920.jpg 1440w, https:\/\/hethuisje.be\/wp-content\/uploads\/2022\/12\/teseum-tongeren-het-huisje-1920-225x300.jpg 225w, https:\/\/hethuisje.be\/wp-content\/uploads\/2022\/12\/teseum-tongeren-het-huisje-1920-768x1024.jpg 768w, https:\/\/hethuisje.be\/wp-content\/uploads\/2022\/12\/teseum-tongeren-het-huisje-1920-1152x1536.jpg 1152w, https:\/\/hethuisje.be\/wp-content\/uploads\/2022\/12\/teseum-tongeren-het-huisje-1920-9x12.jpg 9w\" sizes=\"(max-width: 1440px) 100vw, 1440px\"><div class=\"bde-div-152-106-138-152-1 bde-div bde-div-152-106\">\n  \n  \n\t\n\n\n\n<div class=\"bde-div-152-109-138-152-1 bde-div bde-div-152-109\">\n  \n  \n\t\n\n\n\n<div class=\"bde-text-152-111-138-152-1 bde-text bde-text-152-111\">\nD\u00e9couvrez l'histoire de ce tr\u00e9sor d'art religieux ou des secrets du sous-sol arch\u00e9ologique. \n<\/div>\n<\/div><div class=\"bde-div-152-108-138-152-1 bde-div bde-div-152-108\">\n  \n  \n\t\n\n\n\n<div class=\"bde-text-152-110-138-152-1 bde-text font-body-bold bde-text-152-110\">\nLes tr\u00e9sors du Teseum\n<\/div>\n<\/div>\n<\/div>\n<\/div>\n\n<\/a>    <\/article>\n    <article class=\"bde-loop-item ee-post\">\n        <a class=\"bde-container-link-152-105-142-152-1 bde-container-link bde-container-link-152-105 breakdance-link\" href=\"https:\/\/galloromeinsmuseum.be\/\" target=\"_blank\" data-type=\"url\" rel=\"noopener\">\n  \n  \n\t\n\n\n\n<div class=\"bde-div-152-107-142-152-1 bde-div bde-div-152-107\">\n  \n  \n\t\n\n\n\n<img decoding=\"async\" class=\"bde-image2-152-104-142-152-1 bde-image2 bde-image2-152-104\" src=\"https:\/\/hethuisje.be\/wp-content\/uploads\/2022\/12\/gallo-romeins-museum-tongeren-het-huisje-1920.jpg\" loading=\"lazy\" srcset=\"https:\/\/hethuisje.be\/wp-content\/uploads\/2022\/12\/gallo-romeins-museum-tongeren-het-huisje-1920.jpg 1920w, https:\/\/hethuisje.be\/wp-content\/uploads\/2022\/12\/gallo-romeins-museum-tongeren-het-huisje-1920-300x225.jpg 300w, https:\/\/hethuisje.be\/wp-content\/uploads\/2022\/12\/gallo-romeins-museum-tongeren-het-huisje-1920-1024x768.jpg 1024w, https:\/\/hethuisje.be\/wp-content\/uploads\/2022\/12\/gallo-romeins-museum-tongeren-het-huisje-1920-768x576.jpg 768w, https:\/\/hethuisje.be\/wp-content\/uploads\/2022\/12\/gallo-romeins-museum-tongeren-het-huisje-1920-1536x1152.jpg 1536w, https:\/\/hethuisje.be\/wp-content\/uploads\/2022\/12\/gallo-romeins-museum-tongeren-het-huisje-1920-16x12.jpg 16w\" sizes=\"(max-width: 1920px) 100vw, 1920px\"><div class=\"bde-div-152-106-142-152-1 bde-div bde-div-152-106\">\n  \n  \n\t\n\n\n\n<div class=\"bde-div-152-109-142-152-1 bde-div bde-div-152-109\">\n  \n  \n\t\n\n\n\n<div class=\"bde-text-152-111-142-152-1 bde-text bde-text-152-111\">\nLe c\u00e9l\u00e8bre mus\u00e9e gallo-romain se trouve \u00e0 deux pas de Het Huisje. D\u00e9couvrez ici la riche histoire de l'\u00e9poque de N\u00e9andertal \u00e0 l'\u00e9poque gallo-romaine.\n<\/div>\n<\/div><div class=\"bde-div-152-108-142-152-1 bde-div bde-div-152-108\">\n  \n  \n\t\n\n\n\n<div class=\"bde-text-152-110-142-152-1 bde-text font-body-bold bde-text-152-110\">\nMus\u00e9e gallo-romain\n<\/div>\n<\/div>\n<\/div>\n<\/div>\n\n<\/a>    <\/article>\n    <article class=\"bde-loop-item ee-post\">\n        <a class=\"bde-container-link-152-105-140-152-1 bde-container-link bde-container-link-152-105 breakdance-link\" target=\"_blank\" data-type=\"url\">\n  \n  \n\t\n\n\n\n<div class=\"bde-div-152-107-140-152-1 bde-div bde-div-152-107\">\n  \n  \n\t\n\n\n\n<img decoding=\"async\" class=\"bde-image2-152-104-140-152-1 bde-image2 bde-image2-152-104\" src=\"https:\/\/hethuisje.be\/wp-content\/uploads\/2022\/12\/ambiorix-tongeren-het-huisje-1920.jpg\" loading=\"lazy\" srcset=\"https:\/\/hethuisje.be\/wp-content\/uploads\/2022\/12\/ambiorix-tongeren-het-huisje-1920.jpg 1440w, https:\/\/hethuisje.be\/wp-content\/uploads\/2022\/12\/ambiorix-tongeren-het-huisje-1920-225x300.jpg 225w, https:\/\/hethuisje.be\/wp-content\/uploads\/2022\/12\/ambiorix-tongeren-het-huisje-1920-768x1024.jpg 768w, https:\/\/hethuisje.be\/wp-content\/uploads\/2022\/12\/ambiorix-tongeren-het-huisje-1920-1152x1536.jpg 1152w, https:\/\/hethuisje.be\/wp-content\/uploads\/2022\/12\/ambiorix-tongeren-het-huisje-1920-9x12.jpg 9w\" sizes=\"(max-width: 1440px) 100vw, 1440px\"><div class=\"bde-div-152-106-140-152-1 bde-div bde-div-152-106\">\n  \n  \n\t\n\n\n\n<div class=\"bde-div-152-109-140-152-1 bde-div bde-div-152-109\">\n  \n  \n\t\n\n\n\n<div class=\"bde-text-152-111-140-152-1 bde-text bde-text-152-111\">\nAmbiorix, le plus courageux des \u00c9burons, est immortalis\u00e9 sur la Grand-Place de Tongres depuis 1866. La statue est l'\u0153uvre de Jules Bertin.\n<\/div>\n<\/div><div class=\"bde-div-152-108-140-152-1 bde-div bde-div-152-108\">\n  \n  \n\t\n\n\n\n<div class=\"bde-text-152-110-140-152-1 bde-text font-body-bold bde-text-152-110\">\nStatue d\u2019Ambiorix\n<\/div>\n<\/div>\n<\/div>\n<\/div>\n\n<\/a>    <\/article>\n    <article class=\"bde-loop-item ee-post\">\n        <a class=\"bde-container-link-152-105-553-152-1 bde-container-link bde-container-link-152-105 breakdance-link\" href=\"https:\/\/le54.be\/\" target=\"_blank\" data-type=\"url\" rel=\"noopener\">\n  \n  \n\t\n\n\n\n<div class=\"bde-div-152-107-553-152-1 bde-div bde-div-152-107\">\n  \n  \n\t\n\n\n\n<img decoding=\"async\" class=\"bde-image2-152-104-553-152-1 bde-image2 bde-image2-152-104\" src=\"https:\/\/hethuisje.be\/wp-content\/uploads\/2025\/05\/DSC_0324-scaled-1.jpg\" loading=\"lazy\" srcset=\"https:\/\/hethuisje.be\/wp-content\/uploads\/2025\/05\/DSC_0324-scaled-1.jpg 1279w, https:\/\/hethuisje.be\/wp-content\/uploads\/2025\/05\/DSC_0324-scaled-1-200x300.jpg 200w, https:\/\/hethuisje.be\/wp-content\/uploads\/2025\/05\/DSC_0324-scaled-1-682x1024.jpg 682w, https:\/\/hethuisje.be\/wp-content\/uploads\/2025\/05\/DSC_0324-scaled-1-768x1152.jpg 768w, https:\/\/hethuisje.be\/wp-content\/uploads\/2025\/05\/DSC_0324-scaled-1-1024x1536.jpg 1024w, https:\/\/hethuisje.be\/wp-content\/uploads\/2025\/05\/DSC_0324-scaled-1-1365x2048.jpg 1280w, https:\/\/hethuisje.be\/wp-content\/uploads\/2025\/05\/DSC_0324-scaled-1-8x12.jpg 8w\" sizes=\"(max-width: 1279px) 100vw, 1279px\"><div class=\"bde-div-152-106-553-152-1 bde-div bde-div-152-106\">\n  \n  \n\t\n\n\n\n<div class=\"bde-div-152-109-553-152-1 bde-div bde-div-152-109\">\n  \n  \n\t\n\n\n\n<div class=\"bde-text-152-111-553-152-1 bde-text bde-text-152-111\">\nEnvie d'un lunch BIB Gourmand?\nBienvenue au restaurant \u201cLe 54\", situ\u00e9 juste \u00e0 c\u00f4t\u00e9 de Het Huisje.\n<\/div>\n<\/div><div class=\"bde-div-152-108-553-152-1 bde-div bde-div-152-108\">\n  \n  \n\t\n\n\n\n<div class=\"bde-text-152-110-553-152-1 bde-text font-body-bold bde-text-152-110\">\nLe 54\n<\/div>\n<\/div>\n<\/div>\n<\/div>\n\n<\/a>    <\/article>\n    <article class=\"bde-loop-item ee-post\">\n        <a class=\"bde-container-link-152-105-478-152-1 bde-container-link bde-container-link-152-105 breakdance-link\" href=\"https:\/\/www.intermezzo-tongeren.be\/\" target=\"_blank\" data-type=\"url\" rel=\"noopener\">\n  \n  \n\t\n\n\n\n<div class=\"bde-div-152-107-478-152-1 bde-div bde-div-152-107\">\n  \n  \n\t\n\n\n\n<img decoding=\"async\" class=\"bde-image2-152-104-478-152-1 bde-image2 bde-image2-152-104\" src=\"https:\/\/hethuisje.be\/wp-content\/uploads\/2025\/05\/intermezzo-2-in-de-buurt-het-huisje.jpg\" loading=\"lazy\" srcset=\"https:\/\/hethuisje.be\/wp-content\/uploads\/2025\/05\/intermezzo-2-in-de-buurt-het-huisje.jpg 1498w, https:\/\/hethuisje.be\/wp-content\/uploads\/2025\/05\/intermezzo-2-in-de-buurt-het-huisje-300x200.jpg 300w, https:\/\/hethuisje.be\/wp-content\/uploads\/2025\/05\/intermezzo-2-in-de-buurt-het-huisje-1024x684.jpg 1024w, https:\/\/hethuisje.be\/wp-content\/uploads\/2025\/05\/intermezzo-2-in-de-buurt-het-huisje-768x513.jpg 768w, https:\/\/hethuisje.be\/wp-content\/uploads\/2025\/05\/intermezzo-2-in-de-buurt-het-huisje-18x12.jpg 18w, https:\/\/hethuisje.be\/wp-content\/uploads\/2025\/05\/intermezzo-2-in-de-buurt-het-huisje-600x401.jpg 600w\" sizes=\"(max-width: 1498px) 100vw, 1498px\"><div class=\"bde-div-152-106-478-152-1 bde-div bde-div-152-106\">\n  \n  \n\t\n\n\n\n<div class=\"bde-div-152-109-478-152-1 bde-div bde-div-152-109\">\n  \n  \n\t\n\n\n\n<div class=\"bde-text-152-111-478-152-1 bde-text bde-text-152-111\">\nIntermezzo est une brasserie branch\u00e9e au c\u0153ur de la plus ancienne ville du pays. Dans un int\u00e9rieur contemporain, vous pourrez d\u00e9guster des plats belges, fran\u00e7ais et m\u00e9diterran\u00e9ens pr\u00e9par\u00e9s avec des ingr\u00e9dients frais du jour.\n<\/div>\n<\/div><div class=\"bde-div-152-108-478-152-1 bde-div bde-div-152-108\">\n  \n  \n\t\n\n\n\n<div class=\"bde-text-152-110-478-152-1 bde-text font-body-bold bde-text-152-110\">\nIntermezzo\n<\/div>\n<\/div>\n<\/div>\n<\/div>\n\n<\/a>    <\/article>\n    <article class=\"bde-loop-item ee-post\">\n        <a class=\"bde-container-link-152-105-480-152-1 bde-container-link bde-container-link-152-105 breakdance-link\" href=\"https:\/\/www.demijlpaal.org\/nl\" target=\"_blank\" data-type=\"url\" rel=\"noopener\">\n  \n  \n\t\n\n\n\n<div class=\"bde-div-152-107-480-152-1 bde-div bde-div-152-107\">\n  \n  \n\t\n\n\n\n<img decoding=\"async\" class=\"bde-image2-152-104-480-152-1 bde-image2 bde-image2-152-104\" src=\"https:\/\/hethuisje.be\/wp-content\/uploads\/2025\/05\/de-mijlpaal-in-de-buurt-het-huisje.jpg\" loading=\"lazy\" srcset=\"https:\/\/hethuisje.be\/wp-content\/uploads\/2025\/05\/de-mijlpaal-in-de-buurt-het-huisje.jpg 1920w, https:\/\/hethuisje.be\/wp-content\/uploads\/2025\/05\/de-mijlpaal-in-de-buurt-het-huisje-300x200.jpg 300w, https:\/\/hethuisje.be\/wp-content\/uploads\/2025\/05\/de-mijlpaal-in-de-buurt-het-huisje-1024x683.jpg 1024w, https:\/\/hethuisje.be\/wp-content\/uploads\/2025\/05\/de-mijlpaal-in-de-buurt-het-huisje-768x512.jpg 768w, https:\/\/hethuisje.be\/wp-content\/uploads\/2025\/05\/de-mijlpaal-in-de-buurt-het-huisje-1536x1025.jpg 1536w, https:\/\/hethuisje.be\/wp-content\/uploads\/2025\/05\/de-mijlpaal-in-de-buurt-het-huisje-18x12.jpg 18w, https:\/\/hethuisje.be\/wp-content\/uploads\/2025\/05\/de-mijlpaal-in-de-buurt-het-huisje-600x400.jpg 600w\" sizes=\"(max-width: 1920px) 100vw, 1920px\"><div class=\"bde-div-152-106-480-152-1 bde-div bde-div-152-106\">\n  \n  \n\t\n\n\n\n<div class=\"bde-div-152-109-480-152-1 bde-div bde-div-152-109\">\n  \n  \n\t\n\n\n\n<div class=\"bde-text-152-111-480-152-1 bde-text bde-text-152-111\">\nDepuis 2012, il est r\u00e9compens\u00e9 d'une \u00e9toile au guide Michelin et d'une note de 16\/20 au GaultMillau.\n<\/div>\n<\/div><div class=\"bde-div-152-108-480-152-1 bde-div bde-div-152-108\">\n  \n  \n\t\n\n\n\n<div class=\"bde-text-152-110-480-152-1 bde-text font-body-bold bde-text-152-110\">\nDe Mijlpaal\n<\/div>\n<\/div>\n<\/div>\n<\/div>\n\n<\/a>    <\/article>\n    <article class=\"bde-loop-item ee-post\">\n        <a class=\"bde-container-link-152-105-483-152-1 bde-container-link bde-container-link-152-105 breakdance-link\" href=\"https:\/\/hetsoetehuys.be\/\" target=\"_blank\" data-type=\"url\" rel=\"noopener\">\n  \n  \n\t\n\n\n\n<div class=\"bde-div-152-107-483-152-1 bde-div bde-div-152-107\">\n  \n  \n\t\n\n\n\n<img decoding=\"async\" class=\"bde-image2-152-104-483-152-1 bde-image2 bde-image2-152-104\" src=\"https:\/\/hethuisje.be\/wp-content\/uploads\/2025\/05\/DSC04416-1-scaled-1.jpg\" loading=\"lazy\" srcset=\"https:\/\/hethuisje.be\/wp-content\/uploads\/2025\/05\/DSC04416-1-scaled-1.jpg 1920w, https:\/\/hethuisje.be\/wp-content\/uploads\/2025\/05\/DSC04416-1-scaled-1-300x169.jpg 300w, https:\/\/hethuisje.be\/wp-content\/uploads\/2025\/05\/DSC04416-1-scaled-1-1024x576.jpg 1024w, https:\/\/hethuisje.be\/wp-content\/uploads\/2025\/05\/DSC04416-1-scaled-1-768x432.jpg 768w, https:\/\/hethuisje.be\/wp-content\/uploads\/2025\/05\/DSC04416-1-scaled-1-1536x865.jpg 1536w, https:\/\/hethuisje.be\/wp-content\/uploads\/2025\/05\/DSC04416-1-scaled-1-18x10.jpg 18w, https:\/\/hethuisje.be\/wp-content\/uploads\/2025\/05\/DSC04416-1-scaled-1-600x338.jpg 600w\" sizes=\"(max-width: 1920px) 100vw, 1920px\"><div class=\"bde-div-152-106-483-152-1 bde-div bde-div-152-106\">\n  \n  \n\t\n\n\n\n<div class=\"bde-div-152-109-483-152-1 bde-div bde-div-152-109\">\n  \n  \n\t\n\n\n\n<div class=\"bde-text-152-111-483-152-1 bde-text bde-text-152-111\">\nUn d\u00e9licieux panier petit-d\u00e9jeuner vous sera livr\u00e9 lors de votre s\u00e9jour \u00e0 Het Huisje.\n<\/div>\n<\/div><div class=\"bde-div-152-108-483-152-1 bde-div bde-div-152-108\">\n  \n  \n\t\n\n\n\n<div class=\"bde-text-152-110-483-152-1 bde-text font-body-bold bde-text-152-110\">\n't Soete Huys\n<\/div>\n<\/div>\n<\/div>\n<\/div>\n\n<\/a>    <\/article>\n    <article class=\"bde-loop-item ee-post\">\n        <a class=\"bde-container-link-152-105-550-152-1 bde-container-link bde-container-link-152-105 breakdance-link\" href=\"https:\/\/jaline.be\/\" target=\"_blank\" data-type=\"url\" rel=\"noopener\">\n  \n  \n\t\n\n\n\n<div class=\"bde-div-152-107-550-152-1 bde-div bde-div-152-107\">\n  \n  \n\t\n\n\n\n<img decoding=\"async\" class=\"bde-image2-152-104-550-152-1 bde-image2 bde-image2-152-104\" src=\"https:\/\/hethuisje.be\/wp-content\/uploads\/2025\/05\/patisserie-jaline-in-de-buurt-het-huisje-tongeren-1920.jpg\" loading=\"lazy\" srcset=\"https:\/\/hethuisje.be\/wp-content\/uploads\/2025\/05\/patisserie-jaline-in-de-buurt-het-huisje-tongeren-1920.jpg 1494w, https:\/\/hethuisje.be\/wp-content\/uploads\/2025\/05\/patisserie-jaline-in-de-buurt-het-huisje-tongeren-1920-233x300.jpg 233w, https:\/\/hethuisje.be\/wp-content\/uploads\/2025\/05\/patisserie-jaline-in-de-buurt-het-huisje-tongeren-1920-797x1024.jpg 797w, https:\/\/hethuisje.be\/wp-content\/uploads\/2025\/05\/patisserie-jaline-in-de-buurt-het-huisje-tongeren-1920-768x987.jpg 768w, https:\/\/hethuisje.be\/wp-content\/uploads\/2025\/05\/patisserie-jaline-in-de-buurt-het-huisje-tongeren-1920-1195x1536.jpg 1195w, https:\/\/hethuisje.be\/wp-content\/uploads\/2025\/05\/patisserie-jaline-in-de-buurt-het-huisje-tongeren-1920-9x12.jpg 9w\" sizes=\"(max-width: 1494px) 100vw, 1494px\"><div class=\"bde-div-152-106-550-152-1 bde-div bde-div-152-106\">\n  \n  \n\t\n\n\n\n<div class=\"bde-div-152-109-550-152-1 bde-div bde-div-152-109\">\n  \n  \n\t\n\n\n\n<div class=\"bde-text-152-111-550-152-1 bde-text bde-text-152-111\">\nLa P\u00e2tisserie Jaline est plus qu'une une boulangerie-p\u00e2tisserie. Vous \u00eates \u00e9galement les bienvenus pour diff\u00e9rentes formules de petit-d\u00e9jeuner, un lunch ou un go\u00fbter accompagn\u00e9 de patisseries fines ou de cr\u00eapes.\n<\/div>\n<\/div><div class=\"bde-div-152-108-550-152-1 bde-div bde-div-152-108\">\n  \n  \n\t\n\n\n\n<div class=\"bde-text-152-110-550-152-1 bde-text font-body-bold bde-text-152-110\">\nLa P\u00e2tisserie Jaline\n<\/div>\n<\/div>\n<\/div>\n<\/div>\n\n<\/a>    <\/article>\n<\/div>\n\n<\/div><\/div>\n<\/section>","protected":false},"excerpt":{"rendered":"<p>In de buurt Zoveel te doen en te beleven in en om Tongeren. Elke zondag stallen meer dan 250 standhouders en een 40-tal antiekwinkel hun mooiste objecten uit op de bekende Tongerse antiekmarkt. De antiekmarkt in Tongeren is de grootste van de Benelux en is elke zondag geopend van 7 uur tot 13 uur. Antiekmarkt [&hellip;]<\/p>","protected":false},"author":2,"featured_media":0,"parent":0,"menu_order":1,"comment_status":"closed","ping_status":"closed","template":"","meta":{"_acf_changed":false,"_breakdance_hide_in_design_set":false,"_breakdance_tags":"","footnotes":""},"class_list":["post-60","page","type-page","status-publish","hentry"],"acf":[],"_links":{"self":[{"href":"https:\/\/hethuisje.be\/fr\/wp-json\/wp\/v2\/pages\/60","targetHints":{"allow":["GET"]}}],"collection":[{"href":"https:\/\/hethuisje.be\/fr\/wp-json\/wp\/v2\/pages"}],"about":[{"href":"https:\/\/hethuisje.be\/fr\/wp-json\/wp\/v2\/types\/page"}],"author":[{"embeddable":true,"href":"https:\/\/hethuisje.be\/fr\/wp-json\/wp\/v2\/users\/2"}],"replies":[{"embeddable":true,"href":"https:\/\/hethuisje.be\/fr\/wp-json\/wp\/v2\/comments?post=60"}],"version-history":[{"count":20,"href":"https:\/\/hethuisje.be\/fr\/wp-json\/wp\/v2\/pages\/60\/revisions"}],"predecessor-version":[{"id":558,"href":"https:\/\/hethuisje.be\/fr\/wp-json\/wp\/v2\/pages\/60\/revisions\/558"}],"wp:attachment":[{"href":"https:\/\/hethuisje.be\/fr\/wp-json\/wp\/v2\/media?parent=60"}],"curies":[{"name":"wp","href":"https:\/\/api.w.org\/{rel}","templated":true}]}}