{"id":15,"date":"2022-10-06T11:48:01","date_gmt":"2022-10-06T11:48:01","guid":{"rendered":"https:\/\/start-breakdance.webmatic.be\/?page_id=15"},"modified":"2026-02-09T11:51:52","modified_gmt":"2026-02-09T10:51:52","slug":"home","status":"publish","type":"page","link":"https:\/\/hethuisje.be\/fr\/","title":{"rendered":"Home"},"content":{"rendered":"<section class=\"bde-section-15-170 bde-section\">\n  \n  \n\t\n\n\n\n<div class=\"section-container\"><div class=\"bde-code-block-15-186 bde-code-block\">\n\n  <form \n  method=\"get\" \n  action=\"https:\/\/reservations.cubilis.eu\/10685\/Rooms\/Select\" \n  onsubmit=\"return submitmyform(this);\" \n  target=\"_blank\"\n>\n  <table id=\"CheckAvailabilityContainer\" cellpadding=\"10\">\n    <tr>\n      <td><input type=\"text\" name=\"startdate\" id=\"startdate\" \/><\/td>\n    <\/tr>\n    <tr>\n      <td><input type=\"text\" name=\"enddate\" id=\"enddate\" \/><\/td>\n    <\/tr>\n    <tr>\n      <td>\n        <input \n          type=\"submit\" \n          class=\"btnCheckAvail\" \n          value=\"R\u00e9server\" \n          id=\"btnSubmit\" \n        \/>\n      <\/td>\n    <\/tr>\n  <\/table>\n<\/form>\n\n\n<\/div><div class=\"bde-basicslider-15-171 bde-basicslider\">\n<div class=\"breakdance-swiper-wrapper\" data-swiper-id=\"171\">\n    <div class=\"swiper\">\n      <div class=\"swiper-wrapper\">\n      \n\t                    \n        <div class=\"swiper-slide\">\n          <div class=\"bde-basicslider__slide\" style=\"  background: #fcbc8f;\">\n              <div class=\"bde-basicslider__content\">\n                                                <\/div>\n\n\t\t\t\t\t\t          <img loading=\"lazy\" decoding=\"async\" class=\"breakdance-image-object bde-basicslider__image\" src=\"https:\/\/hethuisje.be\/wp-content\/uploads\/2025\/05\/carrousel-het-huisje-tongeren-003-1920.jpeg\" width=\"1920\" height=\"1440\" srcset=\"https:\/\/hethuisje.be\/wp-content\/uploads\/2025\/05\/carrousel-het-huisje-tongeren-003-1920.jpeg 1920w, https:\/\/hethuisje.be\/wp-content\/uploads\/2025\/05\/carrousel-het-huisje-tongeren-003-1920-300x225.jpeg 300w, https:\/\/hethuisje.be\/wp-content\/uploads\/2025\/05\/carrousel-het-huisje-tongeren-003-1920-1024x768.jpeg 1024w, https:\/\/hethuisje.be\/wp-content\/uploads\/2025\/05\/carrousel-het-huisje-tongeren-003-1920-768x576.jpeg 768w, https:\/\/hethuisje.be\/wp-content\/uploads\/2025\/05\/carrousel-het-huisje-tongeren-003-1920-1536x1152.jpeg 1536w, https:\/\/hethuisje.be\/wp-content\/uploads\/2025\/05\/carrousel-het-huisje-tongeren-003-1920-600x450.jpeg 600w\" sizes=\"auto, (max-width: 1920px) 100vw, 1920px\">\n\t\t\t\n          <\/div>\n        <\/div>\n       \n\t                    \n        <div class=\"swiper-slide\">\n          <div class=\"bde-basicslider__slide\" style=\"  background: #fcbc8f;\">\n              <div class=\"bde-basicslider__content\">\n                                                <\/div>\n\n\t\t\t\t\t\t          <img loading=\"lazy\" decoding=\"async\" class=\"breakdance-image-object bde-basicslider__image\" src=\"https:\/\/hethuisje.be\/wp-content\/uploads\/2025\/05\/carrousel-het-huisje-tongeren-004-1920.jpeg\" width=\"1920\" height=\"1440\" srcset=\"https:\/\/hethuisje.be\/wp-content\/uploads\/2025\/05\/carrousel-het-huisje-tongeren-004-1920.jpeg 1920w, https:\/\/hethuisje.be\/wp-content\/uploads\/2025\/05\/carrousel-het-huisje-tongeren-004-1920-300x225.jpeg 300w, https:\/\/hethuisje.be\/wp-content\/uploads\/2025\/05\/carrousel-het-huisje-tongeren-004-1920-1024x768.jpeg 1024w, https:\/\/hethuisje.be\/wp-content\/uploads\/2025\/05\/carrousel-het-huisje-tongeren-004-1920-768x576.jpeg 768w, https:\/\/hethuisje.be\/wp-content\/uploads\/2025\/05\/carrousel-het-huisje-tongeren-004-1920-1536x1152.jpeg 1536w, https:\/\/hethuisje.be\/wp-content\/uploads\/2025\/05\/carrousel-het-huisje-tongeren-004-1920-600x450.jpeg 600w\" sizes=\"auto, (max-width: 1920px) 100vw, 1920px\">\n\t\t\t\n          <\/div>\n        <\/div>\n       \n\t                    \n        <div class=\"swiper-slide\">\n          <div class=\"bde-basicslider__slide\">\n              <div class=\"bde-basicslider__content\">\n                                                <\/div>\n\n\t\t\t\t\t\t          <img loading=\"lazy\" decoding=\"async\" class=\"breakdance-image-object bde-basicslider__image\" src=\"https:\/\/hethuisje.be\/wp-content\/uploads\/2025\/05\/carrousel-het-huisje-tongeren-008-1920.jpeg\" width=\"1920\" height=\"1440\" srcset=\"https:\/\/hethuisje.be\/wp-content\/uploads\/2025\/05\/carrousel-het-huisje-tongeren-008-1920.jpeg 1920w, https:\/\/hethuisje.be\/wp-content\/uploads\/2025\/05\/carrousel-het-huisje-tongeren-008-1920-300x225.jpeg 300w, https:\/\/hethuisje.be\/wp-content\/uploads\/2025\/05\/carrousel-het-huisje-tongeren-008-1920-1024x768.jpeg 1024w, https:\/\/hethuisje.be\/wp-content\/uploads\/2025\/05\/carrousel-het-huisje-tongeren-008-1920-768x576.jpeg 768w, https:\/\/hethuisje.be\/wp-content\/uploads\/2025\/05\/carrousel-het-huisje-tongeren-008-1920-1536x1152.jpeg 1536w, https:\/\/hethuisje.be\/wp-content\/uploads\/2025\/05\/carrousel-het-huisje-tongeren-008-1920-600x450.jpeg 600w\" sizes=\"auto, (max-width: 1920px) 100vw, 1920px\">\n\t\t\t\n          <\/div>\n        <\/div>\n       \n\t                    \n        <div class=\"swiper-slide\">\n          <div class=\"bde-basicslider__slide\" style=\"  background: #c0faf9;\">\n              <div class=\"bde-basicslider__content\">\n                                                <\/div>\n\n\t\t\t\t\t\t          <img loading=\"lazy\" decoding=\"async\" class=\"breakdance-image-object bde-basicslider__image\" src=\"https:\/\/hethuisje.be\/wp-content\/uploads\/2025\/05\/carrousel-het-huisje-tongeren-007-1920.jpeg\" width=\"1920\" height=\"1440\" srcset=\"https:\/\/hethuisje.be\/wp-content\/uploads\/2025\/05\/carrousel-het-huisje-tongeren-007-1920.jpeg 1920w, https:\/\/hethuisje.be\/wp-content\/uploads\/2025\/05\/carrousel-het-huisje-tongeren-007-1920-300x225.jpeg 300w, https:\/\/hethuisje.be\/wp-content\/uploads\/2025\/05\/carrousel-het-huisje-tongeren-007-1920-1024x768.jpeg 1024w, https:\/\/hethuisje.be\/wp-content\/uploads\/2025\/05\/carrousel-het-huisje-tongeren-007-1920-768x576.jpeg 768w, https:\/\/hethuisje.be\/wp-content\/uploads\/2025\/05\/carrousel-het-huisje-tongeren-007-1920-1536x1152.jpeg 1536w, https:\/\/hethuisje.be\/wp-content\/uploads\/2025\/05\/carrousel-het-huisje-tongeren-007-1920-600x450.jpeg 600w\" sizes=\"auto, (max-width: 1920px) 100vw, 1920px\">\n\t\t\t\n          <\/div>\n        <\/div>\n       \n\t                    \n        <div class=\"swiper-slide\">\n          <div class=\"bde-basicslider__slide\" style=\"  background: #c0faf9;\">\n              <div class=\"bde-basicslider__content\">\n                                                <\/div>\n\n\t\t\t\t\t\t          <img loading=\"lazy\" decoding=\"async\" class=\"breakdance-image-object bde-basicslider__image\" src=\"https:\/\/hethuisje.be\/wp-content\/uploads\/2025\/05\/carrousel-het-huisje-tongeren-006-1920.jpeg\" width=\"1920\" height=\"1440\" srcset=\"https:\/\/hethuisje.be\/wp-content\/uploads\/2025\/05\/carrousel-het-huisje-tongeren-006-1920.jpeg 1920w, https:\/\/hethuisje.be\/wp-content\/uploads\/2025\/05\/carrousel-het-huisje-tongeren-006-1920-300x225.jpeg 300w, https:\/\/hethuisje.be\/wp-content\/uploads\/2025\/05\/carrousel-het-huisje-tongeren-006-1920-1024x768.jpeg 1024w, https:\/\/hethuisje.be\/wp-content\/uploads\/2025\/05\/carrousel-het-huisje-tongeren-006-1920-768x576.jpeg 768w, https:\/\/hethuisje.be\/wp-content\/uploads\/2025\/05\/carrousel-het-huisje-tongeren-006-1920-1536x1152.jpeg 1536w, https:\/\/hethuisje.be\/wp-content\/uploads\/2025\/05\/carrousel-het-huisje-tongeren-006-1920-600x450.jpeg 600w\" sizes=\"auto, (max-width: 1920px) 100vw, 1920px\">\n\t\t\t\n          <\/div>\n        <\/div>\n       \n\t                    \n        <div class=\"swiper-slide\">\n          <div class=\"bde-basicslider__slide\" style=\"  background: #c0faf9;\">\n              <div class=\"bde-basicslider__content\">\n                                                <\/div>\n\n\t\t\t\t\t\t          <img loading=\"lazy\" decoding=\"async\" class=\"breakdance-image-object bde-basicslider__image\" src=\"https:\/\/hethuisje.be\/wp-content\/uploads\/2025\/05\/carrousel-het-huisje-tongeren-005-1920.jpeg\" width=\"1920\" height=\"1440\" srcset=\"https:\/\/hethuisje.be\/wp-content\/uploads\/2025\/05\/carrousel-het-huisje-tongeren-005-1920.jpeg 1920w, https:\/\/hethuisje.be\/wp-content\/uploads\/2025\/05\/carrousel-het-huisje-tongeren-005-1920-300x225.jpeg 300w, https:\/\/hethuisje.be\/wp-content\/uploads\/2025\/05\/carrousel-het-huisje-tongeren-005-1920-1024x768.jpeg 1024w, https:\/\/hethuisje.be\/wp-content\/uploads\/2025\/05\/carrousel-het-huisje-tongeren-005-1920-768x576.jpeg 768w, https:\/\/hethuisje.be\/wp-content\/uploads\/2025\/05\/carrousel-het-huisje-tongeren-005-1920-1536x1152.jpeg 1536w, https:\/\/hethuisje.be\/wp-content\/uploads\/2025\/05\/carrousel-het-huisje-tongeren-005-1920-600x450.jpeg 600w\" sizes=\"auto, (max-width: 1920px) 100vw, 1920px\">\n\t\t\t\n          <\/div>\n        <\/div>\n       \n\t                    \n        <div class=\"swiper-slide\">\n          <div class=\"bde-basicslider__slide\" style=\"  background: #c0faf9;\">\n              <div class=\"bde-basicslider__content\">\n                                                <\/div>\n\n\t\t\t\t\t\t          <img loading=\"lazy\" decoding=\"async\" class=\"breakdance-image-object bde-basicslider__image\" src=\"https:\/\/hethuisje.be\/wp-content\/uploads\/2025\/05\/carrousel-het-huisje-tongeren-002-1920.jpeg\" width=\"1920\" height=\"1440\" srcset=\"https:\/\/hethuisje.be\/wp-content\/uploads\/2025\/05\/carrousel-het-huisje-tongeren-002-1920.jpeg 1920w, https:\/\/hethuisje.be\/wp-content\/uploads\/2025\/05\/carrousel-het-huisje-tongeren-002-1920-300x225.jpeg 300w, https:\/\/hethuisje.be\/wp-content\/uploads\/2025\/05\/carrousel-het-huisje-tongeren-002-1920-1024x768.jpeg 1024w, https:\/\/hethuisje.be\/wp-content\/uploads\/2025\/05\/carrousel-het-huisje-tongeren-002-1920-768x576.jpeg 768w, https:\/\/hethuisje.be\/wp-content\/uploads\/2025\/05\/carrousel-het-huisje-tongeren-002-1920-1536x1152.jpeg 1536w, https:\/\/hethuisje.be\/wp-content\/uploads\/2025\/05\/carrousel-het-huisje-tongeren-002-1920-600x450.jpeg 600w\" sizes=\"auto, (max-width: 1920px) 100vw, 1920px\">\n\t\t\t\n          <\/div>\n        <\/div>\n       \n\t                    \n        <div class=\"swiper-slide\">\n          <div class=\"bde-basicslider__slide\" style=\"  background: #c0faf9;\">\n              <div class=\"bde-basicslider__content\">\n                                                <\/div>\n\n\t\t\t\t\t\t          <img loading=\"lazy\" decoding=\"async\" class=\"breakdance-image-object bde-basicslider__image\" src=\"https:\/\/hethuisje.be\/wp-content\/uploads\/2025\/05\/carrousel-het-huisje-tongeren-001-1920.jpeg\" width=\"1920\" height=\"1440\" srcset=\"https:\/\/hethuisje.be\/wp-content\/uploads\/2025\/05\/carrousel-het-huisje-tongeren-001-1920.jpeg 1920w, https:\/\/hethuisje.be\/wp-content\/uploads\/2025\/05\/carrousel-het-huisje-tongeren-001-1920-300x225.jpeg 300w, https:\/\/hethuisje.be\/wp-content\/uploads\/2025\/05\/carrousel-het-huisje-tongeren-001-1920-1024x768.jpeg 1024w, https:\/\/hethuisje.be\/wp-content\/uploads\/2025\/05\/carrousel-het-huisje-tongeren-001-1920-768x576.jpeg 768w, https:\/\/hethuisje.be\/wp-content\/uploads\/2025\/05\/carrousel-het-huisje-tongeren-001-1920-1536x1152.jpeg 1536w, https:\/\/hethuisje.be\/wp-content\/uploads\/2025\/05\/carrousel-het-huisje-tongeren-001-1920-600x450.jpeg 600w\" sizes=\"auto, (max-width: 1920px) 100vw, 1920px\">\n\t\t\t\n          <\/div>\n        <\/div>\n       \n      <\/div>\n    <\/div>\n                <div class=\"swiper-button-prev\">\n            \n        <\/div>\n        <div class=\"swiper-button-next\">\n            \n        <\/div>\n    \n            <div class=\"swiper-pagination\"><\/div>\n    \n<\/div>\n\n<\/div><\/div>\n<\/section><section class=\"bde-section-15-172 bde-section\">\n  \n  \n\t\n\n\n\n<div class=\"section-container\"><div class=\"bde-div-15-173 bde-div\">\n  \n  \n\t\n\n\n\n<img decoding=\"async\" class=\"bde-image2-15-182 bde-image2\" src=\"https:\/\/hethuisje.be\/wp-content\/uploads\/2025\/09\/gevel-het-huisje-tongeren-sterren_900-768x1165.jpg\" loading=\"lazy\" srcset=\"https:\/\/hethuisje.be\/wp-content\/uploads\/2025\/09\/gevel-het-huisje-tongeren-sterren_900.jpg 900w, https:\/\/hethuisje.be\/wp-content\/uploads\/2025\/09\/gevel-het-huisje-tongeren-sterren_900-198x300.jpg 198w, https:\/\/hethuisje.be\/wp-content\/uploads\/2025\/09\/gevel-het-huisje-tongeren-sterren_900-675x1024.jpg 675w, https:\/\/hethuisje.be\/wp-content\/uploads\/2025\/09\/gevel-het-huisje-tongeren-sterren_900-768x1165.jpg 768w, https:\/\/hethuisje.be\/wp-content\/uploads\/2025\/09\/gevel-het-huisje-tongeren-sterren_900-8x12.jpg 8w\" sizes=\"(max-width: 900px) 100vw, 900px\"><div class=\"bde-icon-15-175 bde-icon\">\n\n    \n                    \n            \n                           \n                        \n\n    \n    \n    \n                    \n    \n    <a class=\"breakdance-link bde-icon-icon breakdance-icon-atom\" href=\"#\" target=\"_self\" data-type=\"action\"  data-action='{\"type\":\"slider\",\"sliderOptions\":{\"elementId\":\"bde-basicslider-15-171\",\"actionType\":\"previous\"}}' >\n\n    \n                    <svg xmlns=\"http:\/\/www.w3.org\/2000\/svg\" viewbox=\"0 0 256 512\"><!-- Font Awesome Free 5.15.1 by @fontawesome - https:\/\/fontawesome.com License - https:\/\/fontawesome.com\/license\/free (Icons: CC BY 4.0, Fonts: SIL OFL 1.1, Code: MIT License) --><path d=\"M31.7 239l136-136c9.4-9.4 24.6-9.4 33.9 0l22.6 22.6c9.4 9.4 9.4 24.6 0 33.9L127.9 256l96.4 96.4c9.4 9.4 9.4 24.6 0 33.9L201.7 409c-9.4 9.4-24.6 9.4-33.9 0l-136-136c-9.5-9.4-9.5-24.6-.1-34z\"\/><\/svg>\n        \n        \n        \n                <\/a>\n\n    \n\n\n<\/div><div class=\"bde-icon-15-176 bde-icon\">\n\n    \n                    \n            \n                           \n                        \n\n    \n    \n    \n                    \n    \n    <a class=\"breakdance-link bde-icon-icon breakdance-icon-atom\" href=\"#\" target=\"_self\" data-type=\"action\"  data-action='{\"type\":\"slider\",\"sliderOptions\":{\"elementId\":\"bde-basicslider-15-171\",\"actionType\":\"next\"}}' >\n\n    \n                    <svg xmlns=\"http:\/\/www.w3.org\/2000\/svg\" viewbox=\"0 0 256 512\"><!-- Font Awesome Free 5.15.1 by @fontawesome - https:\/\/fontawesome.com License - https:\/\/fontawesome.com\/license\/free (Icons: CC BY 4.0, Fonts: SIL OFL 1.1, Code: MIT License) --><path d=\"M224.3 273l-136 136c-9.4 9.4-24.6 9.4-33.9 0l-22.6-22.6c-9.4-9.4-9.4-24.6 0-33.9l96.4-96.4-96.4-96.4c-9.4-9.4-9.4-24.6 0-33.9L54.3 103c9.4-9.4 24.6-9.4 33.9 0l136 136c9.5 9.4 9.5 24.6.1 34z\"\/><\/svg>\n        \n        \n        \n                <\/a>\n\n    \n\n\n<\/div><div class=\"bde-div-15-177 bde-div\">\n  \n  \n\t\n\n\n\n<h1 class=\"bde-heading-15-178 bde-heading\">\nLa vie de vacances... un cran au-dessus\n<\/h1><div class=\"bde-div-15-184 bde-div\">\n  \n  \n\t\n\n\n\n<div class=\"bde-text-15-179 bde-text font-body-bold\">\nBienvenue \u00e0 \"Het Huisje\"\n<\/div><div class=\"bde-rich-text-15-180 bde-rich-text breakdance-rich-text-styles\">\n<p>Het Huisje est une toute nouvelle maison de vacances situ\u00e9e \u00e0 deux pas de la grand place de Tongres.<\/p><p>Notre situation centrale vous offre la possibilit\u00e9 de d\u00e9couvrir toutes les curiosit\u00e9s de notre riche environnement.\nD\u00e9couvrez Tongres, mais aussi Borgloon et Bilzen. Visitez le mus\u00e9e gallo-romain, le march\u00e9 d\u2019antiquit\u00e9s du dimanche, Alden Biesen et bien plus encore.\nD\u00e9tendez-vous gr\u00e2ce aux diff\u00e9rents itin\u00e9raires cyclables et p\u00e9destres. Notre r\u00e9gion a \u00e9galement beaucoup \u00e0 offrir en termes de plaisirs culinaires : on y trouve de nombreuses brasseries, des restaurants \u00e9toil\u00e9s et des producteurs de vin.<\/p><p>Equip\u00e9e de tout le luxe et du confort, notre maison accueille 4 personnes. Toutes les installations sont \u00e0 votre disposition pour vous recevoir dans un cadre de haut niveau : un s\u00e9jour spacieux avec espace repas, cuisine \u00e9quip\u00e9e, salon avec coin TV et chemin\u00e9e au gaz, une terrasse cosy, et 2 chambres avec salles de bains privatives.<\/p><p>Toutes les commodit\u00e9s sont \u00e9galement pr\u00e9sentes : climatisation, TV num\u00e9rique (acc\u00e8s \u00e0 Netflix inclus) et wifi, caf\u00e9 et eaux, linge de lit, s\u00e8che-cheveux, produits de soin Marie-Stella-Maris, serviettes et peignoirs et\u2026 papier toilette.<\/p><p>Les lits sont faits, les serviettes et les savons sont renouvel\u00e9s, l\u2019\u00e9quipe de nettoyage est pass\u00e9e... afin que vous n\u2019ayez \u00e0 vous soucier que de ce qui compte vraiment pendant vos vacances : profirter un maximum!<\/p><p>Bienvenue \u00e0 tous!<br \/>Johan Hermans<\/p>\n<\/div>\n<\/div>\n<\/div>\n<\/div><\/div>\n<\/section>","protected":false},"excerpt":{"rendered":"<p>Vakantiewonen&#8230; een trapje hoger Welkom in &#8220;Het Huisje&#8221; Het Huisje is een gloednieuwe vakantiewoning gelegen op een steenworp van de grote markt van Tongeren.Onze centrale ligging biedt u de mogelijkheid om alle bezienswaardigheden van onze rijke omgeving te ontdekken. Verken Tongeren, maar ook Borgloon en Bilzen. Bezoek het Gallo-Romeins musem, de zondagse antiekmarkt, Alden Biesen [&hellip;]<\/p>","protected":false},"author":1,"featured_media":0,"parent":0,"menu_order":0,"comment_status":"closed","ping_status":"closed","template":"","meta":{"_acf_changed":false,"_breakdance_hide_in_design_set":false,"_breakdance_tags":"","footnotes":""},"class_list":["post-15","page","type-page","status-publish","hentry"],"acf":[],"_links":{"self":[{"href":"https:\/\/hethuisje.be\/fr\/wp-json\/wp\/v2\/pages\/15","targetHints":{"allow":["GET"]}}],"collection":[{"href":"https:\/\/hethuisje.be\/fr\/wp-json\/wp\/v2\/pages"}],"about":[{"href":"https:\/\/hethuisje.be\/fr\/wp-json\/wp\/v2\/types\/page"}],"author":[{"embeddable":true,"href":"https:\/\/hethuisje.be\/fr\/wp-json\/wp\/v2\/users\/1"}],"replies":[{"embeddable":true,"href":"https:\/\/hethuisje.be\/fr\/wp-json\/wp\/v2\/comments?post=15"}],"version-history":[{"count":75,"href":"https:\/\/hethuisje.be\/fr\/wp-json\/wp\/v2\/pages\/15\/revisions"}],"predecessor-version":[{"id":631,"href":"https:\/\/hethuisje.be\/fr\/wp-json\/wp\/v2\/pages\/15\/revisions\/631"}],"wp:attachment":[{"href":"https:\/\/hethuisje.be\/fr\/wp-json\/wp\/v2\/media?parent=15"}],"curies":[{"name":"wp","href":"https:\/\/api.w.org\/{rel}","templated":true}]}}